{"id":4986,"date":"2021-07-29T23:14:10","date_gmt":"2021-07-29T23:14:10","guid":{"rendered":"https:\/\/asfaltodelnorte.com\/?page_id=4986"},"modified":"2021-08-03T18:12:23","modified_gmt":"2021-08-03T18:12:23","slug":"obras-hidraulicas","status":"publish","type":"page","link":"https:\/\/asfaltodelnorte.com\/es\/que-hacemos\/obras-hidraulicas\/","title":{"rendered":"Obras hidr\u00e1ulicas"},"content":{"rendered":"<div data-elementor-type=\"wp-post\" data-elementor-id=\"4986\" class=\"elementor elementor-4986\" data-elementor-post-type=\"page\">\n\t\t\t\t\t\t<section class=\"elementor-section elementor-top-section elementor-element elementor-element-9616ad1 elementor-section-full_width elementor-section-height-default elementor-section-height-default\" data-id=\"9616ad1\" data-element_type=\"section\" data-e-type=\"section\" data-settings=\"{&quot;background_background&quot;:&quot;classic&quot;}\">\n\t\t\t\t\t\t\t<div class=\"elementor-background-overlay\"><\/div>\n\t\t\t\t\t\t\t<div class=\"elementor-container elementor-column-gap-default\">\n\t\t\t\t\t<div class=\"elementor-column elementor-col-100 elementor-top-column elementor-element elementor-element-0451e9e\" data-id=\"0451e9e\" data-element_type=\"column\" data-e-type=\"column\">\n\t\t\t<div class=\"elementor-widget-wrap elementor-element-populated\">\n\t\t\t\t\t\t<section class=\"elementor-section elementor-inner-section elementor-element elementor-element-83652c2 elementor-section-boxed elementor-section-height-default elementor-section-height-default\" data-id=\"83652c2\" data-element_type=\"section\" data-e-type=\"section\">\n\t\t\t\t\t\t<div class=\"elementor-container elementor-column-gap-default\">\n\t\t\t\t\t<div class=\"elementor-column elementor-col-100 elementor-inner-column elementor-element elementor-element-45aa198\" data-id=\"45aa198\" data-element_type=\"column\" data-e-type=\"column\">\n\t\t\t<div class=\"elementor-widget-wrap elementor-element-populated\">\n\t\t\t\t\t\t<div class=\"elementor-element elementor-element-b62be9e elementor-widget elementor-widget-heading\" data-id=\"b62be9e\" data-element_type=\"widget\" data-e-type=\"widget\" data-widget_type=\"heading.default\">\n\t\t\t\t<div class=\"elementor-widget-container\">\n\t\t\t\t\t<h2 class=\"elementor-heading-title elementor-size-default\">OBRAS HIDR\u00c1ULICAS<\/h2>\t\t\t\t<\/div>\n\t\t\t\t<\/div>\n\t\t\t\t<div class=\"elementor-element elementor-element-5a694fd elementor-widget elementor-widget-text-editor\" data-id=\"5a694fd\" data-element_type=\"widget\" data-e-type=\"widget\" data-widget_type=\"text-editor.default\">\n\t\t\t\t<div class=\"elementor-widget-container\">\n\t\t\t\t\t\t\t\t\t<p>Realizamos proyectos y construimos obras hidr\u00e1ulicas.<\/p>\t\t\t\t\t\t\t\t<\/div>\n\t\t\t\t<\/div>\n\t\t\t\t\t<\/div>\n\t\t<\/div>\n\t\t\t\t\t<\/div>\n\t\t<\/section>\n\t\t\t\t\t<\/div>\n\t\t<\/div>\n\t\t\t\t\t<\/div>\n\t\t<\/section>\n\t\t\t\t<section class=\"elementor-section elementor-top-section elementor-element elementor-element-be4b7dc elementor-section-boxed elementor-section-height-default elementor-section-height-default\" data-id=\"be4b7dc\" data-element_type=\"section\" data-e-type=\"section\">\n\t\t\t\t\t\t<div class=\"elementor-container elementor-column-gap-default\">\n\t\t\t\t\t<div class=\"elementor-column elementor-col-50 elementor-top-column elementor-element elementor-element-586abc5\" data-id=\"586abc5\" data-element_type=\"column\" data-e-type=\"column\">\n\t\t\t<div class=\"elementor-widget-wrap elementor-element-populated\">\n\t\t\t\t\t\t<div class=\"elementor-element elementor-element-6916371 elementor-widget elementor-widget-heading\" data-id=\"6916371\" data-element_type=\"widget\" data-e-type=\"widget\" data-widget_type=\"heading.default\">\n\t\t\t\t<div class=\"elementor-widget-container\">\n\t\t\t\t\t<h2 class=\"elementor-heading-title elementor-size-default\">PROYECTOS Y OBRAS EJECUTADAS:<\/h2>\t\t\t\t<\/div>\n\t\t\t\t<\/div>\n\t\t\t\t<div class=\"elementor-element elementor-element-5daea0d elementor-widget elementor-widget-text-editor\" data-id=\"5daea0d\" data-element_type=\"widget\" data-e-type=\"widget\" data-widget_type=\"text-editor.default\">\n\t\t\t\t<div class=\"elementor-widget-container\">\n\t\t\t\t\t\t\t\t\t<p>Acueducto de la Isabela, participaci\u00f3n como sub-contratista del Acueducto de la L\u00ednea Noroeste, en los municipios de Casta\u00f1uela, Villa V\u00e1squez y Navarrete. Canalizaci\u00f3n de los r\u00edos Jacagua, Santiago, con sus muros de gaviones, Canalizaci\u00f3n del r\u00edo Pu\u00f1al, Santiago, con sus muros de gaviones, Canalizaci\u00f3n del r\u00edo Quinigua con sus muros de gaviones, canalizaci\u00f3n de r\u00edo Las Ci\u00e9naga, Palmar Arriba, con los aproches, Canalizaci\u00f3n de r\u00edo Arensillo, Villa Gonzales, Santiago.<\/p>\t\t\t\t\t\t\t\t<\/div>\n\t\t\t\t<\/div>\n\t\t\t\t\t<\/div>\n\t\t<\/div>\n\t\t\t\t<div class=\"elementor-column elementor-col-50 elementor-top-column elementor-element elementor-element-3c32bcb\" data-id=\"3c32bcb\" data-element_type=\"column\" data-e-type=\"column\">\n\t\t\t<div class=\"elementor-widget-wrap elementor-element-populated\">\n\t\t\t\t\t\t<div class=\"elementor-element elementor-element-6d16bed elementor-widget elementor-widget-image\" data-id=\"6d16bed\" data-element_type=\"widget\" data-e-type=\"widget\" data-widget_type=\"image.default\">\n\t\t\t\t<div class=\"elementor-widget-container\">\n\t\t\t\t\t\t\t\t\t\t\t\t\t\t\t<img fetchpriority=\"high\" decoding=\"async\" width=\"768\" height=\"575\" src=\"https:\/\/asfaltodelnorte.com\/wp-content\/uploads\/2021\/07\/hidra-768x575.jpg\" class=\"attachment-medium_large size-medium_large wp-image-4989\" alt=\"\" srcset=\"https:\/\/asfaltodelnorte.com\/wp-content\/uploads\/2021\/07\/hidra-768x575.jpg 768w, https:\/\/asfaltodelnorte.com\/wp-content\/uploads\/2021\/07\/hidra-300x225.jpg 300w, https:\/\/asfaltodelnorte.com\/wp-content\/uploads\/2021\/07\/hidra-1024x767.jpg 1024w, https:\/\/asfaltodelnorte.com\/wp-content\/uploads\/2021\/07\/hidra.jpg 1152w\" sizes=\"(max-width: 768px) 100vw, 768px\" \/>\t\t\t\t\t\t\t\t\t\t\t\t\t\t\t<\/div>\n\t\t\t\t<\/div>\n\t\t\t\t\t<\/div>\n\t\t<\/div>\n\t\t\t\t\t<\/div>\n\t\t<\/section>\n\t\t\t\t<section class=\"elementor-section elementor-top-section elementor-element elementor-element-7902af7 elementor-section-boxed elementor-section-height-default elementor-section-height-default\" data-id=\"7902af7\" data-element_type=\"section\" data-e-type=\"section\">\n\t\t\t\t\t\t<div class=\"elementor-container elementor-column-gap-default\">\n\t\t\t\t\t<div class=\"elementor-column elementor-col-100 elementor-top-column elementor-element elementor-element-21cc7fe\" data-id=\"21cc7fe\" data-element_type=\"column\" data-e-type=\"column\">\n\t\t\t<div class=\"elementor-widget-wrap elementor-element-populated\">\n\t\t\t\t\t\t<div class=\"elementor-element elementor-element-482bc9f elementor-widget elementor-widget-text-editor\" data-id=\"482bc9f\" data-element_type=\"widget\" data-e-type=\"widget\" data-widget_type=\"text-editor.default\">\n\t\t\t\t<div class=\"elementor-widget-container\">\n\t\t\t\t\t\t\t\t\t<p>Mira nuestra galer\u00eda:<\/p>\t\t\t\t\t\t\t\t<\/div>\n\t\t\t\t<\/div>\n\t\t\t\t<div class=\"elementor-element elementor-element-5dff91e elementor-widget elementor-widget-image-gallery\" data-id=\"5dff91e\" data-element_type=\"widget\" data-e-type=\"widget\" data-widget_type=\"image-gallery.default\">\n\t\t\t\t<div class=\"elementor-widget-container\">\n\t\t\t\t\t\t\t<div class=\"elementor-image-gallery\">\n\t\t\t<div id='gallery-1' class='gallery galleryid-4986 gallery-columns-3 gallery-size-thumbnail'><figure class='gallery-item'>\n\t\t\t<div class='gallery-icon landscape'>\n\t\t\t\t<a data-elementor-open-lightbox=\"yes\" data-elementor-lightbox-slideshow=\"5dff91e\" data-elementor-lightbox-title=\"Diapositiva 1\" data-e-action-hash=\"#elementor-action%3Aaction%3Dlightbox%26settings%3DeyJpZCI6NTAwMCwidXJsIjoiaHR0cHM6XC9cL2FzZmFsdG9kZWxub3J0ZS5jb21cL3dwLWNvbnRlbnRcL3VwbG9hZHNcLzIwMjFcLzA3XC9JbWFnZW4tY29uc3RydWNjaW9uLW9icmEtaGlkcmF1bGljYS01LTEuanBnIiwic2xpZGVzaG93IjoiNWRmZjkxZSJ9\" href='https:\/\/asfaltodelnorte.com\/wp-content\/uploads\/2021\/07\/Imagen-construccion-obra-hidraulica-5-1.jpg'><img decoding=\"async\" width=\"150\" height=\"150\" src=\"https:\/\/asfaltodelnorte.com\/wp-content\/uploads\/2021\/07\/Imagen-construccion-obra-hidraulica-5-1-150x150.jpg\" class=\"attachment-thumbnail size-thumbnail\" alt=\"\" srcset=\"https:\/\/asfaltodelnorte.com\/wp-content\/uploads\/2021\/07\/Imagen-construccion-obra-hidraulica-5-1-150x150.jpg 150w, https:\/\/asfaltodelnorte.com\/wp-content\/uploads\/2021\/07\/Imagen-construccion-obra-hidraulica-5-1-350x350.jpg 350w\" sizes=\"(max-width: 150px) 100vw, 150px\" \/><\/a>\n\t\t\t<\/div><\/figure><figure class='gallery-item'>\n\t\t\t<div class='gallery-icon landscape'>\n\t\t\t\t<a data-elementor-open-lightbox=\"yes\" data-elementor-lightbox-slideshow=\"5dff91e\" data-elementor-lightbox-title=\"Diapositiva 1\" data-e-action-hash=\"#elementor-action%3Aaction%3Dlightbox%26settings%3DeyJpZCI6NTAwMSwidXJsIjoiaHR0cHM6XC9cL2FzZmFsdG9kZWxub3J0ZS5jb21cL3dwLWNvbnRlbnRcL3VwbG9hZHNcLzIwMjFcLzA3XC9JbWFnZW4tY29uc3RydWNjaW9uLW9icmEtaGlkcmF1bGljYS02LmpwZyIsInNsaWRlc2hvdyI6IjVkZmY5MWUifQ%3D%3D\" href='https:\/\/asfaltodelnorte.com\/wp-content\/uploads\/2021\/07\/Imagen-construccion-obra-hidraulica-6.jpg'><img decoding=\"async\" width=\"150\" height=\"150\" src=\"https:\/\/asfaltodelnorte.com\/wp-content\/uploads\/2021\/07\/Imagen-construccion-obra-hidraulica-6-150x150.jpg\" class=\"attachment-thumbnail size-thumbnail\" alt=\"\" srcset=\"https:\/\/asfaltodelnorte.com\/wp-content\/uploads\/2021\/07\/Imagen-construccion-obra-hidraulica-6-150x150.jpg 150w, https:\/\/asfaltodelnorte.com\/wp-content\/uploads\/2021\/07\/Imagen-construccion-obra-hidraulica-6-350x350.jpg 350w\" sizes=\"(max-width: 150px) 100vw, 150px\" \/><\/a>\n\t\t\t<\/div><\/figure><figure class='gallery-item'>\n\t\t\t<div class='gallery-icon landscape'>\n\t\t\t\t<a data-elementor-open-lightbox=\"yes\" data-elementor-lightbox-slideshow=\"5dff91e\" data-elementor-lightbox-title=\"Diapositiva 1\" data-e-action-hash=\"#elementor-action%3Aaction%3Dlightbox%26settings%3DeyJpZCI6NTAwMiwidXJsIjoiaHR0cHM6XC9cL2FzZmFsdG9kZWxub3J0ZS5jb21cL3dwLWNvbnRlbnRcL3VwbG9hZHNcLzIwMjFcLzA3XC9JbWFnZW4tY29uc3RydWNjaW9uLW9icmFzLWhpZHJhdWxpY2FzLTIuanBnIiwic2xpZGVzaG93IjoiNWRmZjkxZSJ9\" href='https:\/\/asfaltodelnorte.com\/wp-content\/uploads\/2021\/07\/Imagen-construccion-obras-hidraulicas-2.jpg'><img loading=\"lazy\" decoding=\"async\" width=\"150\" height=\"150\" src=\"https:\/\/asfaltodelnorte.com\/wp-content\/uploads\/2021\/07\/Imagen-construccion-obras-hidraulicas-2-150x150.jpg\" class=\"attachment-thumbnail size-thumbnail\" alt=\"\" srcset=\"https:\/\/asfaltodelnorte.com\/wp-content\/uploads\/2021\/07\/Imagen-construccion-obras-hidraulicas-2-150x150.jpg 150w, https:\/\/asfaltodelnorte.com\/wp-content\/uploads\/2021\/07\/Imagen-construccion-obras-hidraulicas-2-350x350.jpg 350w\" sizes=\"(max-width: 150px) 100vw, 150px\" \/><\/a>\n\t\t\t<\/div><\/figure><figure class='gallery-item'>\n\t\t\t<div class='gallery-icon landscape'>\n\t\t\t\t<a data-elementor-open-lightbox=\"yes\" data-elementor-lightbox-slideshow=\"5dff91e\" data-elementor-lightbox-title=\"Diapositiva 1\" data-e-action-hash=\"#elementor-action%3Aaction%3Dlightbox%26settings%3DeyJpZCI6NTAwMywidXJsIjoiaHR0cHM6XC9cL2FzZmFsdG9kZWxub3J0ZS5jb21cL3dwLWNvbnRlbnRcL3VwbG9hZHNcLzIwMjFcLzA3XC9JbWFnZW4tY29uc3RydWNjaW9uLW9icmFzLWhpZHJhdWxpY2FzLTMuanBnIiwic2xpZGVzaG93IjoiNWRmZjkxZSJ9\" href='https:\/\/asfaltodelnorte.com\/wp-content\/uploads\/2021\/07\/Imagen-construccion-obras-hidraulicas-3.jpg'><img loading=\"lazy\" decoding=\"async\" width=\"150\" height=\"150\" src=\"https:\/\/asfaltodelnorte.com\/wp-content\/uploads\/2021\/07\/Imagen-construccion-obras-hidraulicas-3-150x150.jpg\" class=\"attachment-thumbnail size-thumbnail\" alt=\"\" srcset=\"https:\/\/asfaltodelnorte.com\/wp-content\/uploads\/2021\/07\/Imagen-construccion-obras-hidraulicas-3-150x150.jpg 150w, https:\/\/asfaltodelnorte.com\/wp-content\/uploads\/2021\/07\/Imagen-construccion-obras-hidraulicas-3-350x350.jpg 350w\" sizes=\"(max-width: 150px) 100vw, 150px\" \/><\/a>\n\t\t\t<\/div><\/figure><figure class='gallery-item'>\n\t\t\t<div class='gallery-icon landscape'>\n\t\t\t\t<a data-elementor-open-lightbox=\"yes\" data-elementor-lightbox-slideshow=\"5dff91e\" data-elementor-lightbox-title=\"Diapositiva 1\" data-e-action-hash=\"#elementor-action%3Aaction%3Dlightbox%26settings%3DeyJpZCI6NTAwNCwidXJsIjoiaHR0cHM6XC9cL2FzZmFsdG9kZWxub3J0ZS5jb21cL3dwLWNvbnRlbnRcL3VwbG9hZHNcLzIwMjFcLzA3XC9JbWFnZW4tY29uc3RydWNjaW9uLW9icmFzLWhpZHJhdWxpY2FzLTQuanBnIiwic2xpZGVzaG93IjoiNWRmZjkxZSJ9\" href='https:\/\/asfaltodelnorte.com\/wp-content\/uploads\/2021\/07\/Imagen-construccion-obras-hidraulicas-4.jpg'><img loading=\"lazy\" decoding=\"async\" width=\"150\" height=\"150\" src=\"https:\/\/asfaltodelnorte.com\/wp-content\/uploads\/2021\/07\/Imagen-construccion-obras-hidraulicas-4-150x150.jpg\" class=\"attachment-thumbnail size-thumbnail\" alt=\"\" srcset=\"https:\/\/asfaltodelnorte.com\/wp-content\/uploads\/2021\/07\/Imagen-construccion-obras-hidraulicas-4-150x150.jpg 150w, https:\/\/asfaltodelnorte.com\/wp-content\/uploads\/2021\/07\/Imagen-construccion-obras-hidraulicas-4-350x350.jpg 350w\" sizes=\"(max-width: 150px) 100vw, 150px\" \/><\/a>\n\t\t\t<\/div><\/figure><figure class='gallery-item'>\n\t\t\t<div class='gallery-icon landscape'>\n\t\t\t\t<a data-elementor-open-lightbox=\"yes\" data-elementor-lightbox-slideshow=\"5dff91e\" data-elementor-lightbox-title=\"Diapositiva 1\" data-e-action-hash=\"#elementor-action%3Aaction%3Dlightbox%26settings%3DeyJpZCI6NTAwNSwidXJsIjoiaHR0cHM6XC9cL2FzZmFsdG9kZWxub3J0ZS5jb21cL3dwLWNvbnRlbnRcL3VwbG9hZHNcLzIwMjFcLzA3XC9JTUFHRU5FUy1ERS1DT05TVFJVQ0NJT04tT0JSQVMtSElEUkFVTElDQVMtMS1zY2FsZWQuanBnIiwic2xpZGVzaG93IjoiNWRmZjkxZSJ9\" href='https:\/\/asfaltodelnorte.com\/wp-content\/uploads\/2021\/07\/IMAGENES-DE-CONSTRUCCION-OBRAS-HIDRAULICAS-1-scaled.jpg'><img loading=\"lazy\" decoding=\"async\" width=\"150\" height=\"150\" src=\"https:\/\/asfaltodelnorte.com\/wp-content\/uploads\/2021\/07\/IMAGENES-DE-CONSTRUCCION-OBRAS-HIDRAULICAS-1-150x150.jpg\" class=\"attachment-thumbnail size-thumbnail\" alt=\"\" srcset=\"https:\/\/asfaltodelnorte.com\/wp-content\/uploads\/2021\/07\/IMAGENES-DE-CONSTRUCCION-OBRAS-HIDRAULICAS-1-150x150.jpg 150w, https:\/\/asfaltodelnorte.com\/wp-content\/uploads\/2021\/07\/IMAGENES-DE-CONSTRUCCION-OBRAS-HIDRAULICAS-1-350x350.jpg 350w\" sizes=\"(max-width: 150px) 100vw, 150px\" \/><\/a>\n\t\t\t<\/div><\/figure>\n\t\t<\/div>\n\t\t<\/div>\n\t\t\t\t\t\t<\/div>\n\t\t\t\t<\/div>\n\t\t\t\t\t<\/div>\n\t\t<\/div>\n\t\t\t\t\t<\/div>\n\t\t<\/section>\n\t\t\t\t<section class=\"elementor-section elementor-top-section elementor-element elementor-element-e16ffc0 elementor-section-full_width elementor-section-height-default elementor-section-height-default\" data-id=\"e16ffc0\" data-element_type=\"section\" data-e-type=\"section\" data-settings=\"{&quot;background_background&quot;:&quot;gradient&quot;}\">\n\t\t\t\t\t\t<div class=\"elementor-container elementor-column-gap-default\">\n\t\t\t\t\t<div class=\"elementor-column elementor-col-100 elementor-top-column elementor-element elementor-element-11a71b4\" data-id=\"11a71b4\" data-element_type=\"column\" data-e-type=\"column\" data-settings=\"{&quot;background_background&quot;:&quot;classic&quot;}\">\n\t\t\t<div class=\"elementor-widget-wrap elementor-element-populated\">\n\t\t\t\t\t\t<section class=\"elementor-section elementor-inner-section elementor-element elementor-element-ea12143 elementor-section-content-middle elementor-section-boxed elementor-section-height-default elementor-section-height-default\" data-id=\"ea12143\" data-element_type=\"section\" data-e-type=\"section\">\n\t\t\t\t\t\t<div class=\"elementor-container elementor-column-gap-default\">\n\t\t\t\t\t<div class=\"elementor-column elementor-col-50 elementor-inner-column elementor-element elementor-element-d70e105\" data-id=\"d70e105\" data-element_type=\"column\" data-e-type=\"column\">\n\t\t\t<div class=\"elementor-widget-wrap elementor-element-populated\">\n\t\t\t\t\t\t<div class=\"elementor-element elementor-element-5b19c4c elementor-widget elementor-widget-heading\" data-id=\"5b19c4c\" data-element_type=\"widget\" data-e-type=\"widget\" data-widget_type=\"heading.default\">\n\t\t\t\t<div class=\"elementor-widget-container\">\n\t\t\t\t\t<h2 class=\"elementor-heading-title elementor-size-default\">Estamos disponibles<br>siempre que lo necesites.<\/h2>\t\t\t\t<\/div>\n\t\t\t\t<\/div>\n\t\t\t\t\t<\/div>\n\t\t<\/div>\n\t\t\t\t<div class=\"elementor-column elementor-col-50 elementor-inner-column elementor-element elementor-element-e79b34d\" data-id=\"e79b34d\" data-element_type=\"column\" data-e-type=\"column\">\n\t\t\t<div class=\"elementor-widget-wrap elementor-element-populated\">\n\t\t\t\t\t\t<div class=\"elementor-element elementor-element-de98f36 elementor-widget elementor-widget-eael-creative-button\" data-id=\"de98f36\" data-element_type=\"widget\" data-e-type=\"widget\" data-widget_type=\"eael-creative-button.default\">\n\t\t\t\t<div class=\"elementor-widget-container\">\n\t\t\t\t\t        <div class=\"eael-creative-button-wrapper\">\n\n            <a class=\"eael-creative-button eael-creative-button--default eael-cb-icon-position-\" data-text=\"Go!\">\n            \t    \n                <div class=\"creative-button-inner\">\n\n                    \n                    <span class=\"cretive-button-text\">Ll\u00e1menos<\/span>\n\n                                    <\/div>\n\t                        <\/a>\n        <\/div>\n        \t\t\t\t<\/div>\n\t\t\t\t<\/div>\n\t\t\t\t\t<\/div>\n\t\t<\/div>\n\t\t\t\t\t<\/div>\n\t\t<\/section>\n\t\t\t\t\t<\/div>\n\t\t<\/div>\n\t\t\t\t\t<\/div>\n\t\t<\/section>\n\t\t\t\t<\/div>","protected":false},"excerpt":{"rendered":"<p>OBRAS HIDR\u00c1ULICAS Realizamos proyectos y construimos obras hidr\u00e1ulicas. PROYECTOS Y OBRAS EJECUTADAS: Acueducto de la Isabela, participaci\u00f3n como sub-contratista del Acueducto de la L\u00ednea Noroeste, en los municipios de Casta\u00f1uela, Villa V\u00e1squez y Navarrete. Canalizaci\u00f3n de los r\u00edos Jacagua, Santiago, con sus muros de gaviones, Canalizaci\u00f3n del r\u00edo Pu\u00f1al, Santiago, con sus muros de gaviones, [&hellip;]<\/p>","protected":false},"author":1,"featured_media":0,"parent":4884,"menu_order":0,"comment_status":"closed","ping_status":"closed","template":"","meta":{"footnotes":""},"class_list":["post-4986","page","type-page","status-publish","hentry"],"_hostinger_reach_plugin_has_subscription_block":false,"_hostinger_reach_plugin_is_elementor":false,"_links":{"self":[{"href":"https:\/\/asfaltodelnorte.com\/es\/wp-json\/wp\/v2\/pages\/4986","targetHints":{"allow":["GET"]}}],"collection":[{"href":"https:\/\/asfaltodelnorte.com\/es\/wp-json\/wp\/v2\/pages"}],"about":[{"href":"https:\/\/asfaltodelnorte.com\/es\/wp-json\/wp\/v2\/types\/page"}],"author":[{"embeddable":true,"href":"https:\/\/asfaltodelnorte.com\/es\/wp-json\/wp\/v2\/users\/1"}],"replies":[{"embeddable":true,"href":"https:\/\/asfaltodelnorte.com\/es\/wp-json\/wp\/v2\/comments?post=4986"}],"version-history":[{"count":4,"href":"https:\/\/asfaltodelnorte.com\/es\/wp-json\/wp\/v2\/pages\/4986\/revisions"}],"predecessor-version":[{"id":5067,"href":"https:\/\/asfaltodelnorte.com\/es\/wp-json\/wp\/v2\/pages\/4986\/revisions\/5067"}],"up":[{"embeddable":true,"href":"https:\/\/asfaltodelnorte.com\/es\/wp-json\/wp\/v2\/pages\/4884"}],"wp:attachment":[{"href":"https:\/\/asfaltodelnorte.com\/es\/wp-json\/wp\/v2\/media?parent=4986"}],"curies":[{"name":"wp","href":"https:\/\/api.w.org\/{rel}","templated":true}]}}