{"id":5117,"date":"2021-08-10T16:47:33","date_gmt":"2021-08-10T16:47:33","guid":{"rendered":"https:\/\/asfaltodelnorte.com\/?page_id=5117"},"modified":"2023-01-24T16:03:40","modified_gmt":"2023-01-24T16:03:40","slug":"what-we-do","status":"publish","type":"page","link":"https:\/\/asfaltodelnorte.com\/es\/what-we-do\/","title":{"rendered":"\u00bfQu\u00e9 hacemos?"},"content":{"rendered":"<div data-elementor-type=\"wp-post\" data-elementor-id=\"5117\" class=\"elementor elementor-5117\" data-elementor-post-type=\"page\">\n\t\t\t\t\t\t<section class=\"elementor-section elementor-top-section elementor-element elementor-element-6fd3706 elementor-section-full_width elementor-section-height-default elementor-section-height-default\" data-id=\"6fd3706\" data-element_type=\"section\" data-settings=\"{&quot;background_background&quot;:&quot;classic&quot;}\">\n\t\t\t\t\t\t\t<div class=\"elementor-background-overlay\"><\/div>\n\t\t\t\t\t\t\t<div class=\"elementor-container elementor-column-gap-default\">\n\t\t\t\t\t<div class=\"elementor-column elementor-col-100 elementor-top-column elementor-element elementor-element-4be8aeb\" data-id=\"4be8aeb\" data-element_type=\"column\">\n\t\t\t<div class=\"elementor-widget-wrap elementor-element-populated\">\n\t\t\t\t\t\t<section class=\"elementor-section elementor-inner-section elementor-element elementor-element-9807417 elementor-section-boxed elementor-section-height-default elementor-section-height-default\" data-id=\"9807417\" data-element_type=\"section\">\n\t\t\t\t\t\t<div class=\"elementor-container elementor-column-gap-default\">\n\t\t\t\t\t<div class=\"elementor-column elementor-col-100 elementor-inner-column elementor-element elementor-element-1622e18\" data-id=\"1622e18\" data-element_type=\"column\">\n\t\t\t<div class=\"elementor-widget-wrap elementor-element-populated\">\n\t\t\t\t\t\t<div class=\"elementor-element elementor-element-e80da8c elementor-widget elementor-widget-heading\" data-id=\"e80da8c\" data-element_type=\"widget\" data-widget_type=\"heading.default\">\n\t\t\t\t<div class=\"elementor-widget-container\">\n\t\t\t\t\t<h2 class=\"elementor-heading-title elementor-size-default\">\u00bfQu\u00e9 hacemos?<\/h2>\t\t\t\t<\/div>\n\t\t\t\t<\/div>\n\t\t\t\t<div class=\"elementor-element elementor-element-50bb315 elementor-widget elementor-widget-text-editor\" data-id=\"50bb315\" data-element_type=\"widget\" data-widget_type=\"text-editor.default\">\n\t\t\t\t<div class=\"elementor-widget-container\">\n\t\t\t\t\t\t\t\t\t<p>A trav\u00e9s de la energ\u00eda conectamos a nuestros clientes con la econom\u00eda global.\nCreamos prosperidad mediante el avance del comercio.<\/p>\t\t\t\t\t\t\t\t<\/div>\n\t\t\t\t<\/div>\n\t\t\t\t\t<\/div>\n\t\t<\/div>\n\t\t\t\t\t<\/div>\n\t\t<\/section>\n\t\t\t\t\t<\/div>\n\t\t<\/div>\n\t\t\t\t\t<\/div>\n\t\t<\/section>\n\t\t\t\t<section class=\"elementor-section elementor-top-section elementor-element elementor-element-be4b7dc elementor-section-boxed elementor-section-height-default elementor-section-height-default\" data-id=\"be4b7dc\" data-element_type=\"section\">\n\t\t\t\t\t\t<div class=\"elementor-container elementor-column-gap-default\">\n\t\t\t\t\t<div class=\"elementor-column elementor-col-50 elementor-top-column elementor-element elementor-element-586abc5\" data-id=\"586abc5\" data-element_type=\"column\">\n\t\t\t<div class=\"elementor-widget-wrap elementor-element-populated\">\n\t\t\t\t\t\t<div class=\"elementor-element elementor-element-6916371 elementor-widget elementor-widget-heading\" data-id=\"6916371\" data-element_type=\"widget\" data-widget_type=\"heading.default\">\n\t\t\t\t<div class=\"elementor-widget-container\">\n\t\t\t\t\t<h2 class=\"elementor-heading-title elementor-size-default\">OPERACIONES COMERCIALES<\/h2>\t\t\t\t<\/div>\n\t\t\t\t<\/div>\n\t\t\t\t<div class=\"elementor-element elementor-element-5daea0d elementor-widget elementor-widget-text-editor\" data-id=\"5daea0d\" data-element_type=\"widget\" data-widget_type=\"text-editor.default\">\n\t\t\t\t<div class=\"elementor-widget-container\">\n\t\t\t\t\t\t\t\t\t<p style=\"text-align: justify; background: white;\">A trav\u00e9s de nuestras divisiones de petr\u00f3leo construimos una operaci\u00f3n empresarial global.  como una de las compa\u00f1\u00edas comerciales independientes, conectamos contraparte en todo el mundo.  Hacemos esto equilibrando la oferta y la demanda, optimizando las cadenas de suministro y configurando nuestro negocio seg\u00fan sus necesidades.<\/p><p style=\"text-align: justify; background: white;\">En un mercado cada vez m\u00e1s competitivo, estar listo para responder r\u00e1pidamente al cambio de patrones de la demanda es un diferenciador clave.  Aseguramos de tener los recursos y la agilidad para generar valor a largo plazo con nuestros clientes en mercados que cambian r\u00e1pidamente.<\/p>\t\t\t\t\t\t\t\t<\/div>\n\t\t\t\t<\/div>\n\t\t\t\t\t<\/div>\n\t\t<\/div>\n\t\t\t\t<div class=\"elementor-column elementor-col-50 elementor-top-column elementor-element elementor-element-3c32bcb\" data-id=\"3c32bcb\" data-element_type=\"column\">\n\t\t\t<div class=\"elementor-widget-wrap elementor-element-populated\">\n\t\t\t\t\t\t<div class=\"elementor-element elementor-element-6d16bed elementor-widget elementor-widget-image\" data-id=\"6d16bed\" data-element_type=\"widget\" data-widget_type=\"image.default\">\n\t\t\t\t<div class=\"elementor-widget-container\">\n\t\t\t\t\t\t\t\t\t\t\t\t\t\t\t<img fetchpriority=\"high\" decoding=\"async\" width=\"768\" height=\"513\" src=\"https:\/\/asfaltodelnorte.com\/wp-content\/uploads\/2021\/08\/energia-1085139540-768x513.jpg\" class=\"attachment-medium_large size-medium_large wp-image-5105\" alt=\"\" srcset=\"https:\/\/asfaltodelnorte.com\/wp-content\/uploads\/2021\/08\/energia-1085139540-768x513.jpg 768w, https:\/\/asfaltodelnorte.com\/wp-content\/uploads\/2021\/08\/energia-1085139540-300x200.jpg 300w, https:\/\/asfaltodelnorte.com\/wp-content\/uploads\/2021\/08\/energia-1085139540-1024x683.jpg 1024w, https:\/\/asfaltodelnorte.com\/wp-content\/uploads\/2021\/08\/energia-1085139540.jpg 1500w\" sizes=\"(max-width: 768px) 100vw, 768px\" \/>\t\t\t\t\t\t\t\t\t\t\t\t\t\t\t<\/div>\n\t\t\t\t<\/div>\n\t\t\t\t\t<\/div>\n\t\t<\/div>\n\t\t\t\t\t<\/div>\n\t\t<\/section>\n\t\t\t\t<section class=\"elementor-section elementor-top-section elementor-element elementor-element-7902af7 elementor-section-boxed elementor-section-height-default elementor-section-height-default\" data-id=\"7902af7\" data-element_type=\"section\">\n\t\t\t\t\t\t<div class=\"elementor-container elementor-column-gap-default\">\n\t\t\t\t\t<div class=\"elementor-column elementor-col-50 elementor-top-column elementor-element elementor-element-21cc7fe\" data-id=\"21cc7fe\" data-element_type=\"column\">\n\t\t\t<div class=\"elementor-widget-wrap elementor-element-populated\">\n\t\t\t\t\t\t<div class=\"elementor-element elementor-element-8a2245a elementor-widget elementor-widget-image\" data-id=\"8a2245a\" data-element_type=\"widget\" data-widget_type=\"image.default\">\n\t\t\t\t<div class=\"elementor-widget-container\">\n\t\t\t\t\t\t\t\t\t\t\t\t\t\t\t<img decoding=\"async\" width=\"1024\" height=\"683\" src=\"https:\/\/asfaltodelnorte.com\/wp-content\/uploads\/2021\/07\/energia2-1024x683.jpg\" class=\"attachment-large size-large wp-image-4968\" alt=\"\" srcset=\"https:\/\/asfaltodelnorte.com\/wp-content\/uploads\/2021\/07\/energia2-1024x683.jpg 1024w, https:\/\/asfaltodelnorte.com\/wp-content\/uploads\/2021\/07\/energia2-300x200.jpg 300w, https:\/\/asfaltodelnorte.com\/wp-content\/uploads\/2021\/07\/energia2-768x512.jpg 768w, https:\/\/asfaltodelnorte.com\/wp-content\/uploads\/2021\/07\/energia2.jpg 1080w\" sizes=\"(max-width: 1024px) 100vw, 1024px\" \/>\t\t\t\t\t\t\t\t\t\t\t\t\t\t\t<\/div>\n\t\t\t\t<\/div>\n\t\t\t\t\t<\/div>\n\t\t<\/div>\n\t\t\t\t<div class=\"elementor-column elementor-col-50 elementor-top-column elementor-element elementor-element-55fa2bf\" data-id=\"55fa2bf\" data-element_type=\"column\">\n\t\t\t<div class=\"elementor-widget-wrap elementor-element-populated\">\n\t\t\t\t\t\t<div class=\"elementor-element elementor-element-3a3511c elementor-widget elementor-widget-heading\" data-id=\"3a3511c\" data-element_type=\"widget\" data-widget_type=\"heading.default\">\n\t\t\t\t<div class=\"elementor-widget-container\">\n\t\t\t\t\t<h2 class=\"elementor-heading-title elementor-size-default\">PRODUCTOS DE PETR\u00d3LEO Y DERIVADOS<\/h2>\t\t\t\t<\/div>\n\t\t\t\t<\/div>\n\t\t\t\t<div class=\"elementor-element elementor-element-44a80c5 elementor-widget elementor-widget-text-editor\" data-id=\"44a80c5\" data-element_type=\"widget\" data-widget_type=\"text-editor.default\">\n\t\t\t\t<div class=\"elementor-widget-container\">\n\t\t\t\t\t\t\t\t\t<p>Nuestra experiencia se combina con amplias redes de alianzas y colaboradores en todo el mundo.<\/p><p>Nuestros equipos comerciales operan en Republica Dominicana, Mexico, Houston Y Rotterdam.<\/p>\t\t\t\t\t\t\t\t<\/div>\n\t\t\t\t<\/div>\n\t\t\t\t\t<\/div>\n\t\t<\/div>\n\t\t\t\t\t<\/div>\n\t\t<\/section>\n\t\t\t\t<section class=\"elementor-section elementor-top-section elementor-element elementor-element-b9f662b elementor-section-boxed elementor-section-height-default elementor-section-height-default\" data-id=\"b9f662b\" data-element_type=\"section\">\n\t\t\t\t\t\t<div class=\"elementor-container elementor-column-gap-default\">\n\t\t\t\t\t<div class=\"elementor-column elementor-col-100 elementor-top-column elementor-element elementor-element-9d030f4\" data-id=\"9d030f4\" data-element_type=\"column\">\n\t\t\t<div class=\"elementor-widget-wrap elementor-element-populated\">\n\t\t\t\t\t\t<div class=\"elementor-element elementor-element-7ade511 elementor-widget elementor-widget-image\" data-id=\"7ade511\" data-element_type=\"widget\" data-widget_type=\"image.default\">\n\t\t\t\t<div class=\"elementor-widget-container\">\n\t\t\t\t\t\t\t\t\t\t\t\t\t\t\t<img decoding=\"async\" src=\"https:\/\/asfaltodelnorte.com\/wp-content\/uploads\/elementor\/thumbs\/logo-asfalto_color_2023-q13qgo4f2d1ab49aunffopkox442ran6f1ca3llvsi.png\" title=\"logo-asfalto_color_2023\" alt=\"logo-asfalto_color_2023\" loading=\"lazy\" \/>\t\t\t\t\t\t\t\t\t\t\t\t\t\t\t<\/div>\n\t\t\t\t<\/div>\n\t\t\t\t<div class=\"elementor-element elementor-element-75449a7 elementor-widget elementor-widget-text-editor\" data-id=\"75449a7\" data-element_type=\"widget\" data-widget_type=\"text-editor.default\">\n\t\t\t\t<div class=\"elementor-widget-container\">\n\t\t\t\t\t\t\t\t\t<p>Es uno de los comerciantes independientes de petr\u00f3leo y derivados. Como empresa comercial global, tenemos una descripci\u00f3n detallada de las tendencias macro y micro.  Como comerciantes f\u00edsicos, ganamos la experiencia de primera mano de fundamentos econ\u00f3micos a medida que se desarrollan en el terreno.<\/p>\t\t\t\t\t\t\t\t<\/div>\n\t\t\t\t<\/div>\n\t\t\t\t<div class=\"elementor-element elementor-element-d12173e elementor-widget elementor-widget-heading\" data-id=\"d12173e\" data-element_type=\"widget\" data-widget_type=\"heading.default\">\n\t\t\t\t<div class=\"elementor-widget-container\">\n\t\t\t\t\t<h2 class=\"elementor-heading-title elementor-size-default\">NUESTROS PRODUCTOS ESPECIALIZADOS:<\/h2>\t\t\t\t<\/div>\n\t\t\t\t<\/div>\n\t\t\t\t<section class=\"elementor-section elementor-inner-section elementor-element elementor-element-95dd022 elementor-section-boxed elementor-section-height-default elementor-section-height-default\" data-id=\"95dd022\" data-element_type=\"section\">\n\t\t\t\t\t\t<div class=\"elementor-container elementor-column-gap-default\">\n\t\t\t\t\t<div class=\"elementor-column elementor-col-33 elementor-inner-column elementor-element elementor-element-e1b0e90\" data-id=\"e1b0e90\" data-element_type=\"column\">\n\t\t\t<div class=\"elementor-widget-wrap elementor-element-populated\">\n\t\t\t\t\t\t<div class=\"elementor-element elementor-element-45b7f74 elementor-widget elementor-widget-image\" data-id=\"45b7f74\" data-element_type=\"widget\" data-widget_type=\"image.default\">\n\t\t\t\t<div class=\"elementor-widget-container\">\n\t\t\t\t\t\t\t\t\t\t\t\t\t\t\t<img decoding=\"async\" width=\"150\" height=\"150\" src=\"https:\/\/asfaltodelnorte.com\/wp-content\/uploads\/2021\/08\/1-1-150x150.png\" class=\"attachment-thumbnail size-thumbnail wp-image-5079\" alt=\"\" srcset=\"https:\/\/asfaltodelnorte.com\/wp-content\/uploads\/2021\/08\/1-1-150x150.png 150w, https:\/\/asfaltodelnorte.com\/wp-content\/uploads\/2021\/08\/1-1-300x300.png 300w, https:\/\/asfaltodelnorte.com\/wp-content\/uploads\/2021\/08\/1-1-768x768.png 768w, https:\/\/asfaltodelnorte.com\/wp-content\/uploads\/2021\/08\/1-1-350x350.png 350w, https:\/\/asfaltodelnorte.com\/wp-content\/uploads\/2021\/08\/1-1.png 832w\" sizes=\"(max-width: 150px) 100vw, 150px\" \/>\t\t\t\t\t\t\t\t\t\t\t\t\t\t\t<\/div>\n\t\t\t\t<\/div>\n\t\t\t\t<div class=\"elementor-element elementor-element-ed9f608 elementor-widget elementor-widget-heading\" data-id=\"ed9f608\" data-element_type=\"widget\" data-widget_type=\"heading.default\">\n\t\t\t\t<div class=\"elementor-widget-container\">\n\t\t\t\t\t<h2 class=\"elementor-heading-title elementor-size-default\">COMBUSTIBLE JET A1 <\/h2>\t\t\t\t<\/div>\n\t\t\t\t<\/div>\n\t\t\t\t\t<\/div>\n\t\t<\/div>\n\t\t\t\t<div class=\"elementor-column elementor-col-33 elementor-inner-column elementor-element elementor-element-84f426c\" data-id=\"84f426c\" data-element_type=\"column\">\n\t\t\t<div class=\"elementor-widget-wrap elementor-element-populated\">\n\t\t\t\t\t\t<div class=\"elementor-element elementor-element-71e73d6 elementor-widget elementor-widget-image\" data-id=\"71e73d6\" data-element_type=\"widget\" data-widget_type=\"image.default\">\n\t\t\t\t<div class=\"elementor-widget-container\">\n\t\t\t\t\t\t\t\t\t\t\t\t\t\t\t<img loading=\"lazy\" decoding=\"async\" width=\"150\" height=\"150\" src=\"https:\/\/asfaltodelnorte.com\/wp-content\/uploads\/2021\/08\/2-1-150x150.png\" class=\"attachment-thumbnail size-thumbnail wp-image-5080\" alt=\"\" srcset=\"https:\/\/asfaltodelnorte.com\/wp-content\/uploads\/2021\/08\/2-1-150x150.png 150w, https:\/\/asfaltodelnorte.com\/wp-content\/uploads\/2021\/08\/2-1-300x300.png 300w, https:\/\/asfaltodelnorte.com\/wp-content\/uploads\/2021\/08\/2-1-768x768.png 768w, https:\/\/asfaltodelnorte.com\/wp-content\/uploads\/2021\/08\/2-1-350x350.png 350w, https:\/\/asfaltodelnorte.com\/wp-content\/uploads\/2021\/08\/2-1.png 832w\" sizes=\"(max-width: 150px) 100vw, 150px\" \/>\t\t\t\t\t\t\t\t\t\t\t\t\t\t\t<\/div>\n\t\t\t\t<\/div>\n\t\t\t\t<div class=\"elementor-element elementor-element-a83756b elementor-widget elementor-widget-heading\" data-id=\"a83756b\" data-element_type=\"widget\" data-widget_type=\"heading.default\">\n\t\t\t\t<div class=\"elementor-widget-container\">\n\t\t\t\t\t<h2 class=\"elementor-heading-title elementor-size-default\">COMBUSTIBLE JET JP 54 <\/h2>\t\t\t\t<\/div>\n\t\t\t\t<\/div>\n\t\t\t\t\t<\/div>\n\t\t<\/div>\n\t\t\t\t<div class=\"elementor-column elementor-col-33 elementor-inner-column elementor-element elementor-element-f08d9e7\" data-id=\"f08d9e7\" data-element_type=\"column\">\n\t\t\t<div class=\"elementor-widget-wrap elementor-element-populated\">\n\t\t\t\t\t\t<div class=\"elementor-element elementor-element-e1de746 elementor-widget elementor-widget-image\" data-id=\"e1de746\" data-element_type=\"widget\" data-widget_type=\"image.default\">\n\t\t\t\t<div class=\"elementor-widget-container\">\n\t\t\t\t\t\t\t\t\t\t\t\t\t\t\t<img loading=\"lazy\" decoding=\"async\" width=\"150\" height=\"150\" src=\"https:\/\/asfaltodelnorte.com\/wp-content\/uploads\/2021\/08\/3-1-150x150.png\" class=\"attachment-thumbnail size-thumbnail wp-image-5081\" alt=\"\" srcset=\"https:\/\/asfaltodelnorte.com\/wp-content\/uploads\/2021\/08\/3-1-150x150.png 150w, https:\/\/asfaltodelnorte.com\/wp-content\/uploads\/2021\/08\/3-1-300x300.png 300w, https:\/\/asfaltodelnorte.com\/wp-content\/uploads\/2021\/08\/3-1-768x768.png 768w, https:\/\/asfaltodelnorte.com\/wp-content\/uploads\/2021\/08\/3-1-350x350.png 350w, https:\/\/asfaltodelnorte.com\/wp-content\/uploads\/2021\/08\/3-1.png 832w\" sizes=\"(max-width: 150px) 100vw, 150px\" \/>\t\t\t\t\t\t\t\t\t\t\t\t\t\t\t<\/div>\n\t\t\t\t<\/div>\n\t\t\t\t<div class=\"elementor-element elementor-element-2bb9387 elementor-widget elementor-widget-heading\" data-id=\"2bb9387\" data-element_type=\"widget\" data-widget_type=\"heading.default\">\n\t\t\t\t<div class=\"elementor-widget-container\">\n\t\t\t\t\t<h2 class=\"elementor-heading-title elementor-size-default\">GASOLINA<\/h2>\t\t\t\t<\/div>\n\t\t\t\t<\/div>\n\t\t\t\t\t<\/div>\n\t\t<\/div>\n\t\t\t\t\t<\/div>\n\t\t<\/section>\n\t\t\t\t<section class=\"elementor-section elementor-inner-section elementor-element elementor-element-54d6e12 elementor-section-boxed elementor-section-height-default elementor-section-height-default\" data-id=\"54d6e12\" data-element_type=\"section\">\n\t\t\t\t\t\t<div class=\"elementor-container elementor-column-gap-default\">\n\t\t\t\t\t<div class=\"elementor-column elementor-col-33 elementor-inner-column elementor-element elementor-element-fb0e0b9\" data-id=\"fb0e0b9\" data-element_type=\"column\">\n\t\t\t<div class=\"elementor-widget-wrap elementor-element-populated\">\n\t\t\t\t\t\t<div class=\"elementor-element elementor-element-f43ff0b elementor-widget elementor-widget-image\" data-id=\"f43ff0b\" data-element_type=\"widget\" data-widget_type=\"image.default\">\n\t\t\t\t<div class=\"elementor-widget-container\">\n\t\t\t\t\t\t\t\t\t\t\t\t\t\t\t<img loading=\"lazy\" decoding=\"async\" width=\"150\" height=\"150\" src=\"https:\/\/asfaltodelnorte.com\/wp-content\/uploads\/2023\/01\/5-1-150x150.png\" class=\"attachment-thumbnail size-thumbnail wp-image-5298\" alt=\"\" srcset=\"https:\/\/asfaltodelnorte.com\/wp-content\/uploads\/2023\/01\/5-1-150x150.png 150w, https:\/\/asfaltodelnorte.com\/wp-content\/uploads\/2023\/01\/5-1-300x300.png 300w, https:\/\/asfaltodelnorte.com\/wp-content\/uploads\/2023\/01\/5-1-768x768.png 768w, https:\/\/asfaltodelnorte.com\/wp-content\/uploads\/2023\/01\/5-1-12x12.png 12w, https:\/\/asfaltodelnorte.com\/wp-content\/uploads\/2023\/01\/5-1-350x350.png 350w, https:\/\/asfaltodelnorte.com\/wp-content\/uploads\/2023\/01\/5-1.png 832w\" sizes=\"(max-width: 150px) 100vw, 150px\" \/>\t\t\t\t\t\t\t\t\t\t\t\t\t\t\t<\/div>\n\t\t\t\t<\/div>\n\t\t\t\t<div class=\"elementor-element elementor-element-1466b83 elementor-widget elementor-widget-heading\" data-id=\"1466b83\" data-element_type=\"widget\" data-widget_type=\"heading.default\">\n\t\t\t\t<div class=\"elementor-widget-container\">\n\t\t\t\t\t<h2 class=\"elementor-heading-title elementor-size-default\">Diesel<\/h2>\t\t\t\t<\/div>\n\t\t\t\t<\/div>\n\t\t\t\t\t<\/div>\n\t\t<\/div>\n\t\t\t\t<div class=\"elementor-column elementor-col-33 elementor-inner-column elementor-element elementor-element-9c794cf\" data-id=\"9c794cf\" data-element_type=\"column\">\n\t\t\t<div class=\"elementor-widget-wrap elementor-element-populated\">\n\t\t\t\t\t\t<div class=\"elementor-element elementor-element-80e4101 elementor-widget elementor-widget-image\" data-id=\"80e4101\" data-element_type=\"widget\" data-widget_type=\"image.default\">\n\t\t\t\t<div class=\"elementor-widget-container\">\n\t\t\t\t\t\t\t\t\t\t\t\t\t\t\t<img loading=\"lazy\" decoding=\"async\" width=\"150\" height=\"150\" src=\"https:\/\/asfaltodelnorte.com\/wp-content\/uploads\/2023\/01\/7-4-150x150.png\" class=\"attachment-thumbnail size-thumbnail wp-image-5296\" alt=\"\" srcset=\"https:\/\/asfaltodelnorte.com\/wp-content\/uploads\/2023\/01\/7-4-150x150.png 150w, https:\/\/asfaltodelnorte.com\/wp-content\/uploads\/2023\/01\/7-4-300x300.png 300w, https:\/\/asfaltodelnorte.com\/wp-content\/uploads\/2023\/01\/7-4-768x768.png 768w, https:\/\/asfaltodelnorte.com\/wp-content\/uploads\/2023\/01\/7-4-12x12.png 12w, https:\/\/asfaltodelnorte.com\/wp-content\/uploads\/2023\/01\/7-4-350x350.png 350w, https:\/\/asfaltodelnorte.com\/wp-content\/uploads\/2023\/01\/7-4.png 832w\" sizes=\"(max-width: 150px) 100vw, 150px\" \/>\t\t\t\t\t\t\t\t\t\t\t\t\t\t\t<\/div>\n\t\t\t\t<\/div>\n\t\t\t\t<div class=\"elementor-element elementor-element-e95125e elementor-widget elementor-widget-heading\" data-id=\"e95125e\" data-element_type=\"widget\" data-widget_type=\"heading.default\">\n\t\t\t\t<div class=\"elementor-widget-container\">\n\t\t\t\t\t<h2 class=\"elementor-heading-title elementor-size-default\">PETR\u00d3LEO CRUDO<\/h2>\t\t\t\t<\/div>\n\t\t\t\t<\/div>\n\t\t\t\t\t<\/div>\n\t\t<\/div>\n\t\t\t\t<div class=\"elementor-column elementor-col-33 elementor-inner-column elementor-element elementor-element-208c749\" data-id=\"208c749\" data-element_type=\"column\">\n\t\t\t<div class=\"elementor-widget-wrap elementor-element-populated\">\n\t\t\t\t\t\t<div class=\"elementor-element elementor-element-d7125e3 elementor-widget elementor-widget-image\" data-id=\"d7125e3\" data-element_type=\"widget\" data-widget_type=\"image.default\">\n\t\t\t\t<div class=\"elementor-widget-container\">\n\t\t\t\t\t\t\t\t\t\t\t\t\t\t\t<img loading=\"lazy\" decoding=\"async\" width=\"150\" height=\"150\" src=\"https:\/\/asfaltodelnorte.com\/wp-content\/uploads\/2023\/01\/7-3-150x150.png\" class=\"attachment-thumbnail size-thumbnail wp-image-5295\" alt=\"\" srcset=\"https:\/\/asfaltodelnorte.com\/wp-content\/uploads\/2023\/01\/7-3-150x150.png 150w, https:\/\/asfaltodelnorte.com\/wp-content\/uploads\/2023\/01\/7-3-300x300.png 300w, https:\/\/asfaltodelnorte.com\/wp-content\/uploads\/2023\/01\/7-3-768x768.png 768w, https:\/\/asfaltodelnorte.com\/wp-content\/uploads\/2023\/01\/7-3-12x12.png 12w, https:\/\/asfaltodelnorte.com\/wp-content\/uploads\/2023\/01\/7-3-350x350.png 350w, https:\/\/asfaltodelnorte.com\/wp-content\/uploads\/2023\/01\/7-3.png 832w\" sizes=\"(max-width: 150px) 100vw, 150px\" \/>\t\t\t\t\t\t\t\t\t\t\t\t\t\t\t<\/div>\n\t\t\t\t<\/div>\n\t\t\t\t<div class=\"elementor-element elementor-element-0bc5d1f elementor-widget elementor-widget-heading\" data-id=\"0bc5d1f\" data-element_type=\"widget\" data-widget_type=\"heading.default\">\n\t\t\t\t<div class=\"elementor-widget-container\">\n\t\t\t\t\t<h2 class=\"elementor-heading-title elementor-size-default\">FUEL OIL<\/h2>\t\t\t\t<\/div>\n\t\t\t\t<\/div>\n\t\t\t\t\t<\/div>\n\t\t<\/div>\n\t\t\t\t\t<\/div>\n\t\t<\/section>\n\t\t\t\t\t<\/div>\n\t\t<\/div>\n\t\t\t\t\t<\/div>\n\t\t<\/section>\n\t\t\t\t<section class=\"elementor-section elementor-top-section elementor-element elementor-element-9bbd601 elementor-section-full_width elementor-section-height-default elementor-section-height-default\" data-id=\"9bbd601\" data-element_type=\"section\" data-settings=\"{&quot;background_background&quot;:&quot;gradient&quot;}\">\n\t\t\t\t\t\t<div class=\"elementor-container elementor-column-gap-default\">\n\t\t\t\t\t<div class=\"elementor-column elementor-col-100 elementor-top-column elementor-element elementor-element-2eb704a\" data-id=\"2eb704a\" data-element_type=\"column\" data-settings=\"{&quot;background_background&quot;:&quot;classic&quot;}\">\n\t\t\t<div class=\"elementor-widget-wrap elementor-element-populated\">\n\t\t\t\t\t\t<section class=\"elementor-section elementor-inner-section elementor-element elementor-element-ecad66b elementor-section-content-middle elementor-section-boxed elementor-section-height-default elementor-section-height-default\" data-id=\"ecad66b\" data-element_type=\"section\">\n\t\t\t\t\t\t<div class=\"elementor-container elementor-column-gap-default\">\n\t\t\t\t\t<div class=\"elementor-column elementor-col-50 elementor-inner-column elementor-element elementor-element-ef79d05\" data-id=\"ef79d05\" data-element_type=\"column\">\n\t\t\t<div class=\"elementor-widget-wrap elementor-element-populated\">\n\t\t\t\t\t\t<div class=\"elementor-element elementor-element-64a508c elementor-widget elementor-widget-heading\" data-id=\"64a508c\" data-element_type=\"widget\" data-widget_type=\"heading.default\">\n\t\t\t\t<div class=\"elementor-widget-container\">\n\t\t\t\t\t<h2 class=\"elementor-heading-title elementor-size-default\">Estamos disponibles<br>\nsiempre que lo necesites.<\/h2>\t\t\t\t<\/div>\n\t\t\t\t<\/div>\n\t\t\t\t\t<\/div>\n\t\t<\/div>\n\t\t\t\t<div class=\"elementor-column elementor-col-50 elementor-inner-column elementor-element elementor-element-9abf882\" data-id=\"9abf882\" data-element_type=\"column\">\n\t\t\t<div class=\"elementor-widget-wrap elementor-element-populated\">\n\t\t\t\t\t\t<div class=\"elementor-element elementor-element-3ad3d58 elementor-widget elementor-widget-eael-creative-button\" data-id=\"3ad3d58\" data-element_type=\"widget\" data-widget_type=\"eael-creative-button.default\">\n\t\t\t\t<div class=\"elementor-widget-container\">\n\t\t\t\t\t        <div class=\"eael-creative-button-wrapper\">\n\n            <a class=\"eael-creative-button eael-creative-button--default\" href=\"https:\/\/asfaltodelnorte.com\/es\/contact\/\" data-text=\"Go!\">\n            \t    \n                <div class=\"creative-button-inner\">\n\n                    \n                    <span class=\"cretive-button-text\">Cont\u00e1ctanos<\/span>\n\n                                    <\/div>\n\t                        <\/a>\n        <\/div>\n        \t\t\t\t<\/div>\n\t\t\t\t<\/div>\n\t\t\t\t\t<\/div>\n\t\t<\/div>\n\t\t\t\t\t<\/div>\n\t\t<\/section>\n\t\t\t\t\t<\/div>\n\t\t<\/div>\n\t\t\t\t\t<\/div>\n\t\t<\/section>\n\t\t\t\t<\/div>","protected":false},"excerpt":{"rendered":"<p>What we do? We through energy connect our clients with the global economy. We grow prosperity by advancing trade. COMMERCIAL OPERATIONS Through our oil, construction and supply divisions, we build a global business operation. As one of the independent trading companies, we connect counterparties around the world. We do this by balancing supply and demand, [&hellip;]<\/p>","protected":false},"author":1,"featured_media":0,"parent":0,"menu_order":0,"comment_status":"closed","ping_status":"closed","template":"","meta":{"footnotes":""},"class_list":["post-5117","page","type-page","status-publish","hentry"],"_links":{"self":[{"href":"https:\/\/asfaltodelnorte.com\/es\/wp-json\/wp\/v2\/pages\/5117","targetHints":{"allow":["GET"]}}],"collection":[{"href":"https:\/\/asfaltodelnorte.com\/es\/wp-json\/wp\/v2\/pages"}],"about":[{"href":"https:\/\/asfaltodelnorte.com\/es\/wp-json\/wp\/v2\/types\/page"}],"author":[{"embeddable":true,"href":"https:\/\/asfaltodelnorte.com\/es\/wp-json\/wp\/v2\/users\/1"}],"replies":[{"embeddable":true,"href":"https:\/\/asfaltodelnorte.com\/es\/wp-json\/wp\/v2\/comments?post=5117"}],"version-history":[{"count":18,"href":"https:\/\/asfaltodelnorte.com\/es\/wp-json\/wp\/v2\/pages\/5117\/revisions"}],"predecessor-version":[{"id":5299,"href":"https:\/\/asfaltodelnorte.com\/es\/wp-json\/wp\/v2\/pages\/5117\/revisions\/5299"}],"wp:attachment":[{"href":"https:\/\/asfaltodelnorte.com\/es\/wp-json\/wp\/v2\/media?parent=5117"}],"curies":[{"name":"wp","href":"https:\/\/api.w.org\/{rel}","templated":true}]}}