{"id":5123,"date":"2021-08-10T16:49:04","date_gmt":"2021-08-10T16:49:04","guid":{"rendered":"https:\/\/asfaltodelnorte.com\/?page_id=5123"},"modified":"2021-09-04T17:29:40","modified_gmt":"2021-09-04T17:29:40","slug":"home-building","status":"publish","type":"page","link":"https:\/\/asfaltodelnorte.com\/es\/home-building\/","title":{"rendered":"Construcci\u00f3n de viviendas"},"content":{"rendered":"<div data-elementor-type=\"wp-post\" data-elementor-id=\"5123\" class=\"elementor elementor-5123\" data-elementor-post-type=\"page\">\n\t\t\t\t\t\t<section class=\"elementor-section elementor-top-section elementor-element elementor-element-9616ad1 elementor-section-full_width elementor-section-height-default elementor-section-height-default\" data-id=\"9616ad1\" data-element_type=\"section\" data-settings=\"{&quot;background_background&quot;:&quot;classic&quot;}\">\n\t\t\t\t\t\t\t<div class=\"elementor-background-overlay\"><\/div>\n\t\t\t\t\t\t\t<div class=\"elementor-container elementor-column-gap-default\">\n\t\t\t\t\t<div class=\"elementor-column elementor-col-100 elementor-top-column elementor-element elementor-element-0451e9e\" data-id=\"0451e9e\" data-element_type=\"column\">\n\t\t\t<div class=\"elementor-widget-wrap elementor-element-populated\">\n\t\t\t\t\t\t<section class=\"elementor-section elementor-inner-section elementor-element elementor-element-83652c2 elementor-section-boxed elementor-section-height-default elementor-section-height-default\" data-id=\"83652c2\" data-element_type=\"section\">\n\t\t\t\t\t\t<div class=\"elementor-container elementor-column-gap-default\">\n\t\t\t\t\t<div class=\"elementor-column elementor-col-100 elementor-inner-column elementor-element elementor-element-45aa198\" data-id=\"45aa198\" data-element_type=\"column\">\n\t\t\t<div class=\"elementor-widget-wrap elementor-element-populated\">\n\t\t\t\t\t\t<div class=\"elementor-element elementor-element-b62be9e elementor-widget elementor-widget-heading\" data-id=\"b62be9e\" data-element_type=\"widget\" data-widget_type=\"heading.default\">\n\t\t\t\t<div class=\"elementor-widget-container\">\n\t\t\t\t\t<h2 class=\"elementor-heading-title elementor-size-default\">CONSTRUCCI\u00d3N DE VIVIENDAS<\/h2>\t\t\t\t<\/div>\n\t\t\t\t<\/div>\n\t\t\t\t<div class=\"elementor-element elementor-element-5a694fd elementor-widget elementor-widget-text-editor\" data-id=\"5a694fd\" data-element_type=\"widget\" data-widget_type=\"text-editor.default\">\n\t\t\t\t<div class=\"elementor-widget-container\">\n\t\t\t\t\t\t\t\t\t<p>Realizamos proyectos y construimos torres de apartamentos.<\/p>\t\t\t\t\t\t\t\t<\/div>\n\t\t\t\t<\/div>\n\t\t\t\t\t<\/div>\n\t\t<\/div>\n\t\t\t\t\t<\/div>\n\t\t<\/section>\n\t\t\t\t\t<\/div>\n\t\t<\/div>\n\t\t\t\t\t<\/div>\n\t\t<\/section>\n\t\t\t\t<section class=\"elementor-section elementor-top-section elementor-element elementor-element-be4b7dc elementor-section-boxed elementor-section-height-default elementor-section-height-default\" data-id=\"be4b7dc\" data-element_type=\"section\">\n\t\t\t\t\t\t<div class=\"elementor-container elementor-column-gap-default\">\n\t\t\t\t\t<div class=\"elementor-column elementor-col-50 elementor-top-column elementor-element elementor-element-586abc5\" data-id=\"586abc5\" data-element_type=\"column\">\n\t\t\t<div class=\"elementor-widget-wrap elementor-element-populated\">\n\t\t\t\t\t\t<div class=\"elementor-element elementor-element-6916371 elementor-widget elementor-widget-heading\" data-id=\"6916371\" data-element_type=\"widget\" data-widget_type=\"heading.default\">\n\t\t\t\t<div class=\"elementor-widget-container\">\n\t\t\t\t\t<h2 class=\"elementor-heading-title elementor-size-default\">PROYECTOS Y OBRAS EJECUTADAS:<\/h2>\t\t\t\t<\/div>\n\t\t\t\t<\/div>\n\t\t\t\t<div class=\"elementor-element elementor-element-5daea0d elementor-widget elementor-widget-text-editor\" data-id=\"5daea0d\" data-element_type=\"widget\" data-widget_type=\"text-editor.default\">\n\t\t\t\t<div class=\"elementor-widget-container\">\n\t\t\t\t\t\t\t\t\t<p>Nuestra empresa desarrolla desde mediados del 2015 dos grandes proyecto urban\u00edsticos en la ciudad de Santiago: Torre Amapola, una soluci\u00f3n habitacional de 8 niveles, con un piso por planta, justo detr\u00e1s del Supermercado Nacional nuevo, ubicado en la calle avenida Juan Pablo Duarte, y Torre Stays Suite, este proyecto est\u00e1 dise\u00f1ado con apartamento que van desde los 62 hasta los 64 metros cuadrados cada uno y est\u00e1 orientado por la necesidad que existe en la ciudad con el tema habitacional tipo hotel, este se encuentra la calle avenida Juan Pablo Duarte, Santiago, justo al lado de la plaza Internacional.<\/p>\t\t\t\t\t\t\t\t<\/div>\n\t\t\t\t<\/div>\n\t\t\t\t\t<\/div>\n\t\t<\/div>\n\t\t\t\t<div class=\"elementor-column elementor-col-50 elementor-top-column elementor-element elementor-element-3c32bcb\" data-id=\"3c32bcb\" data-element_type=\"column\">\n\t\t\t<div class=\"elementor-widget-wrap elementor-element-populated\">\n\t\t\t\t\t\t<div class=\"elementor-element elementor-element-6d16bed elementor-widget elementor-widget-image\" data-id=\"6d16bed\" data-element_type=\"widget\" data-widget_type=\"image.default\">\n\t\t\t\t<div class=\"elementor-widget-container\">\n\t\t\t\t\t\t\t\t\t\t\t\t\t\t\t<img fetchpriority=\"high\" decoding=\"async\" width=\"768\" height=\"582\" src=\"https:\/\/asfaltodelnorte.com\/wp-content\/uploads\/2021\/07\/casas-768x582.jpg\" class=\"attachment-medium_large size-medium_large wp-image-4997\" alt=\"\" srcset=\"https:\/\/asfaltodelnorte.com\/wp-content\/uploads\/2021\/07\/casas-768x582.jpg 768w, https:\/\/asfaltodelnorte.com\/wp-content\/uploads\/2021\/07\/casas-300x228.jpg 300w, https:\/\/asfaltodelnorte.com\/wp-content\/uploads\/2021\/07\/casas.jpg 778w\" sizes=\"(max-width: 768px) 100vw, 768px\" \/>\t\t\t\t\t\t\t\t\t\t\t\t\t\t\t<\/div>\n\t\t\t\t<\/div>\n\t\t\t\t\t<\/div>\n\t\t<\/div>\n\t\t\t\t\t<\/div>\n\t\t<\/section>\n\t\t\t\t<section class=\"elementor-section elementor-top-section elementor-element elementor-element-7902af7 elementor-section-boxed elementor-section-height-default elementor-section-height-default\" data-id=\"7902af7\" data-element_type=\"section\">\n\t\t\t\t\t\t<div class=\"elementor-container elementor-column-gap-default\">\n\t\t\t\t\t<div class=\"elementor-column elementor-col-100 elementor-top-column elementor-element elementor-element-21cc7fe\" data-id=\"21cc7fe\" data-element_type=\"column\">\n\t\t\t<div class=\"elementor-widget-wrap elementor-element-populated\">\n\t\t\t\t\t\t<div class=\"elementor-element elementor-element-482bc9f elementor-widget elementor-widget-text-editor\" data-id=\"482bc9f\" data-element_type=\"widget\" data-widget_type=\"text-editor.default\">\n\t\t\t\t<div class=\"elementor-widget-container\">\n\t\t\t\t\t\t\t\t\t<p>Mira nuestra galer\u00eda:<\/p>\t\t\t\t\t\t\t\t<\/div>\n\t\t\t\t<\/div>\n\t\t\t\t<div class=\"elementor-element elementor-element-18b5853 elementor-widget elementor-widget-image-gallery\" data-id=\"18b5853\" data-element_type=\"widget\" data-widget_type=\"image-gallery.default\">\n\t\t\t\t<div class=\"elementor-widget-container\">\n\t\t\t\t\t\t\t<div class=\"elementor-image-gallery\">\n\t\t\t<div id='gallery-1' class='gallery galleryid-5123 gallery-columns-3 gallery-size-thumbnail'><figure class='gallery-item'>\n\t\t\t<div class='gallery-icon portrait'>\n\t\t\t\t<a data-elementor-open-lightbox=\"yes\" data-elementor-lightbox-slideshow=\"18b5853\" data-elementor-lightbox-title=\"Diapositiva 1\" data-e-action-hash=\"#elementor-action%3Aaction%3Dlightbox%26settings%3DeyJpZCI6NTAxMywidXJsIjoiaHR0cHM6XC9cL2FzZmFsdG9kZWxub3J0ZS5jb21cL3dwLWNvbnRlbnRcL3VwbG9hZHNcLzIwMjFcLzA3XC9JbWFnZW4tY29uc3RydWNjaW9uLXZpdmllbmRhLTEuanBnIiwic2xpZGVzaG93IjoiMThiNTg1MyJ9\" href='https:\/\/asfaltodelnorte.com\/wp-content\/uploads\/2021\/07\/Imagen-construccion-vivienda-1.jpg'><img decoding=\"async\" width=\"150\" height=\"150\" src=\"https:\/\/asfaltodelnorte.com\/wp-content\/uploads\/2021\/07\/Imagen-construccion-vivienda-1-150x150.jpg\" class=\"attachment-thumbnail size-thumbnail\" alt=\"\" srcset=\"https:\/\/asfaltodelnorte.com\/wp-content\/uploads\/2021\/07\/Imagen-construccion-vivienda-1-150x150.jpg 150w, https:\/\/asfaltodelnorte.com\/wp-content\/uploads\/2021\/07\/Imagen-construccion-vivienda-1-350x350.jpg 350w\" sizes=\"(max-width: 150px) 100vw, 150px\" \/><\/a>\n\t\t\t<\/div><\/figure><figure class='gallery-item'>\n\t\t\t<div class='gallery-icon landscape'>\n\t\t\t\t<a data-elementor-open-lightbox=\"yes\" data-elementor-lightbox-slideshow=\"18b5853\" data-elementor-lightbox-title=\"Diapositiva 1\" data-e-action-hash=\"#elementor-action%3Aaction%3Dlightbox%26settings%3DeyJpZCI6NTAxMSwidXJsIjoiaHR0cHM6XC9cL2FzZmFsdG9kZWxub3J0ZS5jb21cL3dwLWNvbnRlbnRcL3VwbG9hZHNcLzIwMjFcLzA3XC9pbWFnZW4tY29uc3RydWNjaW9uLWRlLXZpdmllbmRhLTJfMS5qcGciLCJzbGlkZXNob3ciOiIxOGI1ODUzIn0%3D\" href='https:\/\/asfaltodelnorte.com\/wp-content\/uploads\/2021\/07\/imagen-construccion-de-vivienda-2_1.jpg'><img decoding=\"async\" width=\"150\" height=\"150\" src=\"https:\/\/asfaltodelnorte.com\/wp-content\/uploads\/2021\/07\/imagen-construccion-de-vivienda-2_1-150x150.jpg\" class=\"attachment-thumbnail size-thumbnail\" alt=\"\" srcset=\"https:\/\/asfaltodelnorte.com\/wp-content\/uploads\/2021\/07\/imagen-construccion-de-vivienda-2_1-150x150.jpg 150w, https:\/\/asfaltodelnorte.com\/wp-content\/uploads\/2021\/07\/imagen-construccion-de-vivienda-2_1-350x350.jpg 350w\" sizes=\"(max-width: 150px) 100vw, 150px\" \/><\/a>\n\t\t\t<\/div><\/figure><figure class='gallery-item'>\n\t\t\t<div class='gallery-icon landscape'>\n\t\t\t\t<a data-elementor-open-lightbox=\"yes\" data-elementor-lightbox-slideshow=\"18b5853\" data-elementor-lightbox-title=\"Diapositiva 1\" data-e-action-hash=\"#elementor-action%3Aaction%3Dlightbox%26settings%3DeyJpZCI6NTAxMiwidXJsIjoiaHR0cHM6XC9cL2FzZmFsdG9kZWxub3J0ZS5jb21cL3dwLWNvbnRlbnRcL3VwbG9hZHNcLzIwMjFcLzA3XC9pbWFnZW4tY29uc3RydWNjaW9uLWRlLXZpdmllbmRhLTQuanBnIiwic2xpZGVzaG93IjoiMThiNTg1MyJ9\" href='https:\/\/asfaltodelnorte.com\/wp-content\/uploads\/2021\/07\/imagen-construccion-de-vivienda-4.jpg'><img loading=\"lazy\" decoding=\"async\" width=\"150\" height=\"150\" src=\"https:\/\/asfaltodelnorte.com\/wp-content\/uploads\/2021\/07\/imagen-construccion-de-vivienda-4-150x150.jpg\" class=\"attachment-thumbnail size-thumbnail\" alt=\"\" srcset=\"https:\/\/asfaltodelnorte.com\/wp-content\/uploads\/2021\/07\/imagen-construccion-de-vivienda-4-150x150.jpg 150w, https:\/\/asfaltodelnorte.com\/wp-content\/uploads\/2021\/07\/imagen-construccion-de-vivienda-4-350x350.jpg 350w\" sizes=\"(max-width: 150px) 100vw, 150px\" \/><\/a>\n\t\t\t<\/div><\/figure><figure class='gallery-item'>\n\t\t\t<div class='gallery-icon portrait'>\n\t\t\t\t<a data-elementor-open-lightbox=\"yes\" data-elementor-lightbox-slideshow=\"18b5853\" data-elementor-lightbox-title=\"vista-condominio\" data-e-action-hash=\"#elementor-action%3Aaction%3Dlightbox%26settings%3DeyJpZCI6NTAxNiwidXJsIjoiaHR0cHM6XC9cL2FzZmFsdG9kZWxub3J0ZS5jb21cL3dwLWNvbnRlbnRcL3VwbG9hZHNcLzIwMjFcLzA3XC92aXN0YS1jb25kb21pbmlvLmpwZyIsInNsaWRlc2hvdyI6IjE4YjU4NTMifQ%3D%3D\" href='https:\/\/asfaltodelnorte.com\/wp-content\/uploads\/2021\/07\/vista-condominio.jpg'><img loading=\"lazy\" decoding=\"async\" width=\"150\" height=\"150\" src=\"https:\/\/asfaltodelnorte.com\/wp-content\/uploads\/2021\/07\/vista-condominio-150x150.jpg\" class=\"attachment-thumbnail size-thumbnail\" alt=\"\" srcset=\"https:\/\/asfaltodelnorte.com\/wp-content\/uploads\/2021\/07\/vista-condominio-150x150.jpg 150w, https:\/\/asfaltodelnorte.com\/wp-content\/uploads\/2021\/07\/vista-condominio-350x350.jpg 350w\" sizes=\"(max-width: 150px) 100vw, 150px\" \/><\/a>\n\t\t\t<\/div><\/figure><figure class='gallery-item'>\n\t\t\t<div class='gallery-icon portrait'>\n\t\t\t\t<a data-elementor-open-lightbox=\"yes\" data-elementor-lightbox-slideshow=\"18b5853\" data-elementor-lightbox-title=\"terraza\" data-e-action-hash=\"#elementor-action%3Aaction%3Dlightbox%26settings%3DeyJpZCI6NTAxNSwidXJsIjoiaHR0cHM6XC9cL2FzZmFsdG9kZWxub3J0ZS5jb21cL3dwLWNvbnRlbnRcL3VwbG9hZHNcLzIwMjFcLzA3XC90ZXJyYXphLmpwZyIsInNsaWRlc2hvdyI6IjE4YjU4NTMifQ%3D%3D\" href='https:\/\/asfaltodelnorte.com\/wp-content\/uploads\/2021\/07\/terraza.jpg'><img loading=\"lazy\" decoding=\"async\" width=\"150\" height=\"150\" src=\"https:\/\/asfaltodelnorte.com\/wp-content\/uploads\/2021\/07\/terraza-150x150.jpg\" class=\"attachment-thumbnail size-thumbnail\" alt=\"\" srcset=\"https:\/\/asfaltodelnorte.com\/wp-content\/uploads\/2021\/07\/terraza-150x150.jpg 150w, https:\/\/asfaltodelnorte.com\/wp-content\/uploads\/2021\/07\/terraza-350x350.jpg 350w\" sizes=\"(max-width: 150px) 100vw, 150px\" \/><\/a>\n\t\t\t<\/div><\/figure><figure class='gallery-item'>\n\t\t\t<div class='gallery-icon portrait'>\n\t\t\t\t<a data-elementor-open-lightbox=\"yes\" data-elementor-lightbox-slideshow=\"18b5853\" data-elementor-lightbox-title=\"freshpatio\" data-e-action-hash=\"#elementor-action%3Aaction%3Dlightbox%26settings%3DeyJpZCI6NTAxMCwidXJsIjoiaHR0cHM6XC9cL2FzZmFsdG9kZWxub3J0ZS5jb21cL3dwLWNvbnRlbnRcL3VwbG9hZHNcLzIwMjFcLzA3XC9mcmVzaHBhdGlvLmpwZyIsInNsaWRlc2hvdyI6IjE4YjU4NTMifQ%3D%3D\" href='https:\/\/asfaltodelnorte.com\/wp-content\/uploads\/2021\/07\/freshpatio.jpg'><img loading=\"lazy\" decoding=\"async\" width=\"150\" height=\"150\" src=\"https:\/\/asfaltodelnorte.com\/wp-content\/uploads\/2021\/07\/freshpatio-150x150.jpg\" class=\"attachment-thumbnail size-thumbnail\" alt=\"\" srcset=\"https:\/\/asfaltodelnorte.com\/wp-content\/uploads\/2021\/07\/freshpatio-150x150.jpg 150w, https:\/\/asfaltodelnorte.com\/wp-content\/uploads\/2021\/07\/freshpatio-350x350.jpg 350w\" sizes=\"(max-width: 150px) 100vw, 150px\" \/><\/a>\n\t\t\t<\/div><\/figure><figure class='gallery-item'>\n\t\t\t<div class='gallery-icon portrait'>\n\t\t\t\t<a data-elementor-open-lightbox=\"yes\" data-elementor-lightbox-slideshow=\"18b5853\" data-elementor-lightbox-title=\"3piso\" data-e-action-hash=\"#elementor-action%3Aaction%3Dlightbox%26settings%3DeyJpZCI6NTAwOCwidXJsIjoiaHR0cHM6XC9cL2FzZmFsdG9kZWxub3J0ZS5jb21cL3dwLWNvbnRlbnRcL3VwbG9hZHNcLzIwMjFcLzA3XC8zcGlzby5qcGciLCJzbGlkZXNob3ciOiIxOGI1ODUzIn0%3D\" href='https:\/\/asfaltodelnorte.com\/wp-content\/uploads\/2021\/07\/3piso.jpg'><img loading=\"lazy\" decoding=\"async\" width=\"150\" height=\"150\" src=\"https:\/\/asfaltodelnorte.com\/wp-content\/uploads\/2021\/07\/3piso-150x150.jpg\" class=\"attachment-thumbnail size-thumbnail\" alt=\"\" srcset=\"https:\/\/asfaltodelnorte.com\/wp-content\/uploads\/2021\/07\/3piso-150x150.jpg 150w, https:\/\/asfaltodelnorte.com\/wp-content\/uploads\/2021\/07\/3piso-350x350.jpg 350w\" sizes=\"(max-width: 150px) 100vw, 150px\" \/><\/a>\n\t\t\t<\/div><\/figure><figure class='gallery-item'>\n\t\t\t<div class='gallery-icon portrait'>\n\t\t\t\t<a data-elementor-open-lightbox=\"yes\" data-elementor-lightbox-slideshow=\"18b5853\" data-elementor-lightbox-title=\"matrimonial\" data-e-action-hash=\"#elementor-action%3Aaction%3Dlightbox%26settings%3DeyJpZCI6NTAxNCwidXJsIjoiaHR0cHM6XC9cL2FzZmFsdG9kZWxub3J0ZS5jb21cL3dwLWNvbnRlbnRcL3VwbG9hZHNcLzIwMjFcLzA3XC9tYXRyaW1vbmlhbC5qcGciLCJzbGlkZXNob3ciOiIxOGI1ODUzIn0%3D\" href='https:\/\/asfaltodelnorte.com\/wp-content\/uploads\/2021\/07\/matrimonial.jpg'><img loading=\"lazy\" decoding=\"async\" width=\"150\" height=\"150\" src=\"https:\/\/asfaltodelnorte.com\/wp-content\/uploads\/2021\/07\/matrimonial-150x150.jpg\" class=\"attachment-thumbnail size-thumbnail\" alt=\"\" srcset=\"https:\/\/asfaltodelnorte.com\/wp-content\/uploads\/2021\/07\/matrimonial-150x150.jpg 150w, https:\/\/asfaltodelnorte.com\/wp-content\/uploads\/2021\/07\/matrimonial-350x350.jpg 350w\" sizes=\"(max-width: 150px) 100vw, 150px\" \/><\/a>\n\t\t\t<\/div><\/figure><figure class='gallery-item'>\n\t\t\t<div class='gallery-icon portrait'>\n\t\t\t\t<a data-elementor-open-lightbox=\"yes\" data-elementor-lightbox-slideshow=\"18b5853\" data-elementor-lightbox-title=\"cocina\" data-e-action-hash=\"#elementor-action%3Aaction%3Dlightbox%26settings%3DeyJpZCI6NTAwOSwidXJsIjoiaHR0cHM6XC9cL2FzZmFsdG9kZWxub3J0ZS5jb21cL3dwLWNvbnRlbnRcL3VwbG9hZHNcLzIwMjFcLzA3XC9jb2NpbmEuanBnIiwic2xpZGVzaG93IjoiMThiNTg1MyJ9\" href='https:\/\/asfaltodelnorte.com\/wp-content\/uploads\/2021\/07\/cocina.jpg'><img loading=\"lazy\" decoding=\"async\" width=\"150\" height=\"150\" src=\"https:\/\/asfaltodelnorte.com\/wp-content\/uploads\/2021\/07\/cocina-150x150.jpg\" class=\"attachment-thumbnail size-thumbnail\" alt=\"\" srcset=\"https:\/\/asfaltodelnorte.com\/wp-content\/uploads\/2021\/07\/cocina-150x150.jpg 150w, https:\/\/asfaltodelnorte.com\/wp-content\/uploads\/2021\/07\/cocina-350x350.jpg 350w\" sizes=\"(max-width: 150px) 100vw, 150px\" \/><\/a>\n\t\t\t<\/div><\/figure>\n\t\t<\/div>\n\t\t<\/div>\n\t\t\t\t\t\t<\/div>\n\t\t\t\t<\/div>\n\t\t\t\t\t<\/div>\n\t\t<\/div>\n\t\t\t\t\t<\/div>\n\t\t<\/section>\n\t\t\t\t<section class=\"elementor-section elementor-top-section elementor-element elementor-element-e16ffc0 elementor-section-full_width elementor-section-height-default elementor-section-height-default\" data-id=\"e16ffc0\" data-element_type=\"section\" data-settings=\"{&quot;background_background&quot;:&quot;gradient&quot;}\">\n\t\t\t\t\t\t<div class=\"elementor-container elementor-column-gap-default\">\n\t\t\t\t\t<div class=\"elementor-column elementor-col-100 elementor-top-column elementor-element elementor-element-11a71b4\" data-id=\"11a71b4\" data-element_type=\"column\" data-settings=\"{&quot;background_background&quot;:&quot;classic&quot;}\">\n\t\t\t<div class=\"elementor-widget-wrap elementor-element-populated\">\n\t\t\t\t\t\t<section class=\"elementor-section elementor-inner-section elementor-element elementor-element-ea12143 elementor-section-content-middle elementor-section-boxed elementor-section-height-default elementor-section-height-default\" data-id=\"ea12143\" data-element_type=\"section\">\n\t\t\t\t\t\t<div class=\"elementor-container elementor-column-gap-default\">\n\t\t\t\t\t<div class=\"elementor-column elementor-col-50 elementor-inner-column elementor-element elementor-element-d70e105\" data-id=\"d70e105\" data-element_type=\"column\">\n\t\t\t<div class=\"elementor-widget-wrap elementor-element-populated\">\n\t\t\t\t\t\t<div class=\"elementor-element elementor-element-5b19c4c elementor-widget elementor-widget-heading\" data-id=\"5b19c4c\" data-element_type=\"widget\" data-widget_type=\"heading.default\">\n\t\t\t\t<div class=\"elementor-widget-container\">\n\t\t\t\t\t<h2 class=\"elementor-heading-title elementor-size-default\">Estamos disponibles<br>\nsiempre que lo necesites.<\/h2>\t\t\t\t<\/div>\n\t\t\t\t<\/div>\n\t\t\t\t\t<\/div>\n\t\t<\/div>\n\t\t\t\t<div class=\"elementor-column elementor-col-50 elementor-inner-column elementor-element elementor-element-e79b34d\" data-id=\"e79b34d\" data-element_type=\"column\">\n\t\t\t<div class=\"elementor-widget-wrap elementor-element-populated\">\n\t\t\t\t\t\t<div class=\"elementor-element elementor-element-1af13f3 elementor-widget elementor-widget-eael-creative-button\" data-id=\"1af13f3\" data-element_type=\"widget\" data-widget_type=\"eael-creative-button.default\">\n\t\t\t\t<div class=\"elementor-widget-container\">\n\t\t\t\t\t        <div class=\"eael-creative-button-wrapper\">\n\n            <a class=\"eael-creative-button eael-creative-button--default\" href=\"https:\/\/asfaltodelnorte.com\/es\/contact\/\" data-text=\"Go!\">\n            \t    \n                <div class=\"creative-button-inner\">\n\n                    \n                    <span class=\"cretive-button-text\">Cont\u00e1ctanos<\/span>\n\n                                    <\/div>\n\t                        <\/a>\n        <\/div>\n        \t\t\t\t<\/div>\n\t\t\t\t<\/div>\n\t\t\t\t\t<\/div>\n\t\t<\/div>\n\t\t\t\t\t<\/div>\n\t\t<\/section>\n\t\t\t\t\t<\/div>\n\t\t<\/div>\n\t\t\t\t\t<\/div>\n\t\t<\/section>\n\t\t\t\t<\/div>","protected":false},"excerpt":{"rendered":"<p>HOME BUILDING We carry out projects and build apartment towers. PROJECTS AND WORKS EXECUTED: Our company has been developing two large urban development projects in the city of Santiago since mid-2015: Torre Amapola, an 8-level housing solution, with one floor per floor, just behind the new National Supermarket, located on Juan Pablo Duarte avenue street, [&hellip;]<\/p>","protected":false},"author":1,"featured_media":0,"parent":0,"menu_order":0,"comment_status":"closed","ping_status":"closed","template":"","meta":{"footnotes":""},"class_list":["post-5123","page","type-page","status-publish","hentry"],"_links":{"self":[{"href":"https:\/\/asfaltodelnorte.com\/es\/wp-json\/wp\/v2\/pages\/5123","targetHints":{"allow":["GET"]}}],"collection":[{"href":"https:\/\/asfaltodelnorte.com\/es\/wp-json\/wp\/v2\/pages"}],"about":[{"href":"https:\/\/asfaltodelnorte.com\/es\/wp-json\/wp\/v2\/types\/page"}],"author":[{"embeddable":true,"href":"https:\/\/asfaltodelnorte.com\/es\/wp-json\/wp\/v2\/users\/1"}],"replies":[{"embeddable":true,"href":"https:\/\/asfaltodelnorte.com\/es\/wp-json\/wp\/v2\/comments?post=5123"}],"version-history":[{"count":6,"href":"https:\/\/asfaltodelnorte.com\/es\/wp-json\/wp\/v2\/pages\/5123\/revisions"}],"predecessor-version":[{"id":5252,"href":"https:\/\/asfaltodelnorte.com\/es\/wp-json\/wp\/v2\/pages\/5123\/revisions\/5252"}],"wp:attachment":[{"href":"https:\/\/asfaltodelnorte.com\/es\/wp-json\/wp\/v2\/media?parent=5123"}],"curies":[{"name":"wp","href":"https:\/\/api.w.org\/{rel}","templated":true}]}}