{"id":5125,"date":"2021-08-10T17:09:27","date_gmt":"2021-08-10T17:09:27","guid":{"rendered":"https:\/\/asfaltodelnorte.com\/?page_id=5125"},"modified":"2023-06-08T20:46:32","modified_gmt":"2023-06-08T20:46:32","slug":"about-us","status":"publish","type":"page","link":"https:\/\/asfaltodelnorte.com\/es\/about-us\/","title":{"rendered":"Sobre nosotros"},"content":{"rendered":"<div data-elementor-type=\"wp-post\" data-elementor-id=\"5125\" class=\"elementor elementor-5125\" data-elementor-post-type=\"page\">\n\t\t\t\t\t\t<section class=\"elementor-section elementor-top-section elementor-element elementor-element-33554f1 elementor-section-boxed elementor-section-height-default elementor-section-height-default\" data-id=\"33554f1\" data-element_type=\"section\">\n\t\t\t\t\t\t<div class=\"elementor-container elementor-column-gap-default\">\n\t\t\t\t\t<div class=\"elementor-column elementor-col-50 elementor-top-column elementor-element elementor-element-aa40c1c\" data-id=\"aa40c1c\" data-element_type=\"column\">\n\t\t\t<div class=\"elementor-widget-wrap elementor-element-populated\">\n\t\t\t\t\t\t<div class=\"elementor-element elementor-element-f9aad53 elementor-widget elementor-widget-heading\" data-id=\"f9aad53\" data-element_type=\"widget\" data-widget_type=\"heading.default\">\n\t\t\t\t<div class=\"elementor-widget-container\">\n\t\t\t\t\t<h2 class=\"elementor-heading-title elementor-size-default\">\u00bfQUIENES SOMOS?<\/h2>\t\t\t\t<\/div>\n\t\t\t\t<\/div>\n\t\t\t\t<div class=\"elementor-element elementor-element-6404746 elementor-widget elementor-widget-text-editor\" data-id=\"6404746\" data-element_type=\"widget\" data-widget_type=\"text-editor.default\">\n\t\t\t\t<div class=\"elementor-widget-container\">\n\t\t\t\t\t\t\t\t\t<p>ASFALTO DEL NORTE, es una empresa con presencia internacional, registrada en Reino Unido y Rep\u00fablica Dominicana. Inicialmente nos dedicamos a la producci\u00f3n de asfalto y sus derivados como: imprimaciones, transporte y colocaci\u00f3n de asfalto.\u00a0<\/p><p>En ASFALTO DEL NORTE hemos experimentado una evoluci\u00f3n empresarial y comercial, con lo cual creamos la Divisi\u00f3n Petr\u00f3leo y hoy estamos a la vanguardia en la comercializaci\u00f3n de los combustibles derivados de ella. Aprovechamos nuestro conocimiento, recursos y alianzas de mercado global para satisfacer las demandas de nuestros clientes. ASFALTO DEL NORTE, cuenta con un grupo de profesionales en diferentes \u00e1reas para brindar una atenci\u00f3n integral, a la demanda de nuestros clientes en las regiones del mundo donde tenemos influencia.<\/p>\t\t\t\t\t\t\t\t<\/div>\n\t\t\t\t<\/div>\n\t\t\t\t\t<\/div>\n\t\t<\/div>\n\t\t\t\t<div class=\"elementor-column elementor-col-50 elementor-top-column elementor-element elementor-element-80ed9df\" data-id=\"80ed9df\" data-element_type=\"column\">\n\t\t\t<div class=\"elementor-widget-wrap elementor-element-populated\">\n\t\t\t\t\t\t<div class=\"elementor-element elementor-element-cf9372f elementor-widget elementor-widget-image\" data-id=\"cf9372f\" data-element_type=\"widget\" data-widget_type=\"image.default\">\n\t\t\t\t<div class=\"elementor-widget-container\">\n\t\t\t\t\t\t\t\t\t\t\t\t\t\t\t<img fetchpriority=\"high\" decoding=\"async\" width=\"1024\" height=\"507\" src=\"https:\/\/asfaltodelnorte.com\/wp-content\/uploads\/2021\/07\/quienessomos-1024x507.jpeg\" class=\"attachment-large size-large wp-image-5100\" alt=\"\" srcset=\"https:\/\/asfaltodelnorte.com\/wp-content\/uploads\/2021\/07\/quienessomos-1024x507.jpeg 1024w, https:\/\/asfaltodelnorte.com\/wp-content\/uploads\/2021\/07\/quienessomos-300x148.jpeg 300w, https:\/\/asfaltodelnorte.com\/wp-content\/uploads\/2021\/07\/quienessomos-768x380.jpeg 768w, https:\/\/asfaltodelnorte.com\/wp-content\/uploads\/2021\/07\/quienessomos-1536x760.jpeg 1536w, https:\/\/asfaltodelnorte.com\/wp-content\/uploads\/2021\/07\/quienessomos.jpeg 1920w\" sizes=\"(max-width: 1024px) 100vw, 1024px\" \/>\t\t\t\t\t\t\t\t\t\t\t\t\t\t\t<\/div>\n\t\t\t\t<\/div>\n\t\t\t\t\t<\/div>\n\t\t<\/div>\n\t\t\t\t\t<\/div>\n\t\t<\/section>\n\t\t\t\t<section class=\"elementor-section elementor-top-section elementor-element elementor-element-b6e6de9 elementor-section-boxed elementor-section-height-default elementor-section-height-default\" data-id=\"b6e6de9\" data-element_type=\"section\">\n\t\t\t\t\t\t<div class=\"elementor-container elementor-column-gap-default\">\n\t\t\t\t\t<div class=\"elementor-column elementor-col-100 elementor-top-column elementor-element elementor-element-6b0ed9e\" data-id=\"6b0ed9e\" data-element_type=\"column\">\n\t\t\t<div class=\"elementor-widget-wrap elementor-element-populated\">\n\t\t\t\t\t\t<div class=\"elementor-element elementor-element-31c209d elementor-widget elementor-widget-heading\" data-id=\"31c209d\" data-element_type=\"widget\" data-widget_type=\"heading.default\">\n\t\t\t\t<div class=\"elementor-widget-container\">\n\t\t\t\t\t<h2 class=\"elementor-heading-title elementor-size-default\">EQUIPO DE GESTI\u00d3N<\/h2>\t\t\t\t<\/div>\n\t\t\t\t<\/div>\n\t\t\t\t<div class=\"elementor-element elementor-element-cf0d172 elementor-widget elementor-widget-text-editor\" data-id=\"cf0d172\" data-element_type=\"widget\" data-widget_type=\"text-editor.default\">\n\t\t\t\t<div class=\"elementor-widget-container\">\n\t\t\t\t\t\t\t\t\t<p>Asfalto del Norte, se enfocan en el \u00e9xito a largo plazo del negocio, promoviendo la profundidad y la estabilidad de la gesti\u00f3n, y fomentando la gesti\u00f3n del riesgo prudente.<\/p>\t\t\t\t\t\t\t\t<\/div>\n\t\t\t\t<\/div>\n\t\t\t\t<section class=\"elementor-section elementor-inner-section elementor-element elementor-element-c9bf28e elementor-section-boxed elementor-section-height-default elementor-section-height-default\" data-id=\"c9bf28e\" data-element_type=\"section\">\n\t\t\t\t\t\t<div class=\"elementor-container elementor-column-gap-default\">\n\t\t\t\t\t<div class=\"elementor-column elementor-col-50 elementor-inner-column elementor-element elementor-element-bd8ccaf\" data-id=\"bd8ccaf\" data-element_type=\"column\">\n\t\t\t<div class=\"elementor-widget-wrap elementor-element-populated\">\n\t\t\t\t\t\t<div class=\"elementor-element elementor-element-75eed12 eael-team-align-eael-team-align-default elementor-widget elementor-widget-eael-team-member\" data-id=\"75eed12\" data-element_type=\"widget\" data-widget_type=\"eael-team-member.default\">\n\t\t\t\t<div class=\"elementor-widget-container\">\n\t\t\t\t\t\n\n\t<div id=\"eael-team-member-75eed12\" class=\"eael-team-item eael-team-members-centered\">\n\t\t<div class=\"eael-team-item-inner\">\n\t\t\t<div class=\"eael-team-image\">\n\t\t\t\t<figure>\n\t\t\t\t\t\t\t\t\t\t<img decoding=\"async\" src=\"https:\/\/asfaltodelnorte.com\/wp-content\/uploads\/2021\/07\/Imagen-1.png\" alt=\"\">\n\t\t\t\t\t\t\t\t\t<\/figure>\n\t\t\t\t\n\t\t\t\t\n\t\t\t<\/div>\n\n\t\t\t<div class=\"eael-team-content\">\n\t\t\t\t<h2 class=\"eael-team-member-name\">Water arias<\/h2><h3 class=\"eael-team-member-position\">PRESIDENTE - DIRECTOR<\/h3>\n\t\t\t\t\t\t\t\t\t\t\t\t\t\t<p class=\"eael-team-text\">Empresario nacido en Rep\u00fablica Dominicana con m\u00e1s de dos d\u00e9cadas  participando en la industria de la construcci\u00f3n tanto p\u00fablica como privada desarrollando importantes proyectos como pavimentaci\u00f3n de calles, carreteras, puentes, proyectos inmobiliarios comerciales y residenciales, etc. Luego a pasado su experiencia comercial a otro  nivel invirtiendo en los sectores del petr\u00f3leo y sus derivados.<\/p>\n\t\t\t\t\t\t\t<\/div>\n\t\t<\/div>\n\t<\/div>\n\t\t\t\t\t<\/div>\n\t\t\t\t<\/div>\n\t\t\t\t\t<\/div>\n\t\t<\/div>\n\t\t\t\t<div class=\"elementor-column elementor-col-50 elementor-inner-column elementor-element elementor-element-c17ec99\" data-id=\"c17ec99\" data-element_type=\"column\">\n\t\t\t<div class=\"elementor-widget-wrap elementor-element-populated\">\n\t\t\t\t\t\t<div class=\"elementor-element elementor-element-6d4ef0f eael-team-align-eael-team-align-default elementor-widget elementor-widget-eael-team-member\" data-id=\"6d4ef0f\" data-element_type=\"widget\" data-widget_type=\"eael-team-member.default\">\n\t\t\t\t<div class=\"elementor-widget-container\">\n\t\t\t\t\t\n\n\t<div id=\"eael-team-member-6d4ef0f\" class=\"eael-team-item eael-team-members-centered\">\n\t\t<div class=\"eael-team-item-inner\">\n\t\t\t<div class=\"eael-team-image\">\n\t\t\t\t<figure>\n\t\t\t\t\t\t\t\t\t\t<img decoding=\"async\" src=\"https:\/\/asfaltodelnorte.com\/wp-content\/uploads\/2023\/06\/WhatsApp-Image-2023-06-08-at-12.03.07-PM.jpeg\" alt=\"\">\n\t\t\t\t\t\t\t\t\t<\/figure>\n\t\t\t\t\n\t\t\t\t\n\t\t\t<\/div>\n\n\t\t\t<div class=\"eael-team-content\">\n\t\t\t\t<h2 class=\"eael-team-member-name\">Alexander Benitez<\/h2><h3 class=\"eael-team-member-position\">DIRECTOR<\/h3>\n\t\t\t\t\t\t\t\t\t\t\t\t\t\t<p class=\"eael-team-text\">Empresario con m\u00e1s de dos d\u00e9cadas dedicado al transporte log\u00edstico, desarrollo de proyectos de construcci\u00f3n civil, comercializaci\u00f3n de commodities y desarrollo de negocios comerciales en el sector de alimentos.\nEn el campo del comercio internacional, su experiencia abarca combustibles y lubricantes marinos, siendo su visi\u00f3n la instalaci\u00f3n de plantas de lubricantes y refiner\u00edas modulares para atender las necesidades estrat\u00e9gicas de los mercados emergentes.<\/p>\n\t\t\t\t\t\t\t<\/div>\n\t\t<\/div>\n\t<\/div>\n\t\t\t\t\t<\/div>\n\t\t\t\t<\/div>\n\t\t\t\t\t<\/div>\n\t\t<\/div>\n\t\t\t\t\t<\/div>\n\t\t<\/section>\n\t\t\t\t\t<\/div>\n\t\t<\/div>\n\t\t\t\t\t<\/div>\n\t\t<\/section>\n\t\t\t\t<\/div>","protected":false},"excerpt":{"rendered":"<p>WHO WE ARE? ASFALTO DEL NORTE, is a company with international presence, registered in the United Kingdom and the Dominican Republic. Initially we dedicated ourselves to the production of asphalt and its derivatives such as: primers, transport and placement of asphalt.\u00a0 At ASFALTO DEL NORTE, we have experienced a corporate and commercial evolution, with which [&hellip;]<\/p>","protected":false},"author":1,"featured_media":0,"parent":0,"menu_order":0,"comment_status":"closed","ping_status":"closed","template":"","meta":{"footnotes":""},"class_list":["post-5125","page","type-page","status-publish","hentry"],"_links":{"self":[{"href":"https:\/\/asfaltodelnorte.com\/es\/wp-json\/wp\/v2\/pages\/5125","targetHints":{"allow":["GET"]}}],"collection":[{"href":"https:\/\/asfaltodelnorte.com\/es\/wp-json\/wp\/v2\/pages"}],"about":[{"href":"https:\/\/asfaltodelnorte.com\/es\/wp-json\/wp\/v2\/types\/page"}],"author":[{"embeddable":true,"href":"https:\/\/asfaltodelnorte.com\/es\/wp-json\/wp\/v2\/users\/1"}],"replies":[{"embeddable":true,"href":"https:\/\/asfaltodelnorte.com\/es\/wp-json\/wp\/v2\/comments?post=5125"}],"version-history":[{"count":15,"href":"https:\/\/asfaltodelnorte.com\/es\/wp-json\/wp\/v2\/pages\/5125\/revisions"}],"predecessor-version":[{"id":5313,"href":"https:\/\/asfaltodelnorte.com\/es\/wp-json\/wp\/v2\/pages\/5125\/revisions\/5313"}],"wp:attachment":[{"href":"https:\/\/asfaltodelnorte.com\/es\/wp-json\/wp\/v2\/media?parent=5125"}],"curies":[{"name":"wp","href":"https:\/\/api.w.org\/{rel}","templated":true}]}}