{"id":5127,"date":"2021-08-10T17:12:18","date_gmt":"2021-08-10T17:12:18","guid":{"rendered":"https:\/\/asfaltodelnorte.com\/?page_id=5127"},"modified":"2021-09-04T16:41:21","modified_gmt":"2021-09-04T16:41:21","slug":"home","status":"publish","type":"page","link":"https:\/\/asfaltodelnorte.com\/es\/","title":{"rendered":"Inicio"},"content":{"rendered":"<div data-elementor-type=\"wp-post\" data-elementor-id=\"5127\" class=\"elementor elementor-5127\" data-elementor-post-type=\"page\">\n\t\t\t\t\t\t<section class=\"elementor-section elementor-top-section elementor-element elementor-element-df30001 elementor-section-full_width elementor-section-stretched elementor-section-height-default elementor-section-height-default\" data-id=\"df30001\" data-element_type=\"section\" data-settings=\"{&quot;background_background&quot;:&quot;classic&quot;,&quot;stretch_section&quot;:&quot;section-stretched&quot;}\">\n\t\t\t\t\t\t<div class=\"elementor-container elementor-column-gap-default\">\n\t\t\t\t\t<div class=\"elementor-column elementor-col-100 elementor-top-column elementor-element elementor-element-199fb05\" data-id=\"199fb05\" data-element_type=\"column\">\n\t\t\t<div class=\"elementor-widget-wrap elementor-element-populated\">\n\t\t\t\t\t\t<div class=\"elementor-element elementor-element-b627f07 elementor-widget elementor-widget-shortcode\" data-id=\"b627f07\" data-element_type=\"widget\" data-widget_type=\"shortcode.default\">\n\t\t\t\t<div class=\"elementor-widget-container\">\n\t\t\t\t\t\t\t<div class=\"elementor-shortcode\">\n\t\t\t<!-- START Principal  Slider REVOLUTION SLIDER 6.5.5 --><p class=\"rs-p-wp-fix\"><\/p>\n\t\t\t<rs-module-wrap id=\"rev_slider_1_1_wrapper\" data-source=\"gallery\" style=\"visibility:hidden;background:#e0e0df;padding:0;margin:0px auto;margin-top:0;margin-bottom:0;\">\n\t\t\t\t<rs-module id=\"rev_slider_1_1\" style=\"\" data-version=\"6.5.5\">\n\t\t\t\t\t<rs-slides>\n\t\t\t\t\t\t<rs-slide style=\"position: absolute;\" data-key=\"rs-8\" data-title=\"Ken Burns\" data-duration=\"5000ms\" data-anim=\"ms:500ms;\" data-in=\"o:0;\" data-out=\"a:false;\">\n\t\t\t\t\t\t\t<img fetchpriority=\"high\" decoding=\"async\" src=\"\/\/asfaltodelnorte.com\/wp-content\/plugins\/revslider\/public\/assets\/assets\/dummy.png\" alt=\"Ken Burns\" title=\"inicio_1\" width=\"1084\" height=\"700\" class=\"rev-slidebg tp-rs-img rs-lazyload\" data-lazyload=\"\/\/asfaltodelnorte.com\/wp-content\/plugins\/revslider\/public\/assets\/assets\/transparent.png\" data-bg=\"c:#0c0c0c;\" data-parallax=\"6\" data-no-retina>\n<!--\n\t\t\t\t\t\t\t--><rs-layer\n\t\t\t\t\t\t\t\tid=\"slider-1-slide-8-layer-2\" \n\t\t\t\t\t\t\t\tclass=\"rs-noevents rs-nolc rs-layer-video intrinsic-ignore\"\n\t\t\t\t\t\t\t\tdata-type=\"video\"\n\t\t\t\t\t\t\t\tdata-rsp_ch=\"on\"\n\t\t\t\t\t\t\t\tdata-xy=\"xo:-231px,-190px,-144px,-187px;yo:-255px,-210px,-159px,-101px;\"\n\t\t\t\t\t\t\t\tdata-text=\"w:normal;s:20,16,12,7;l:0,20,15,9;\"\n\t\t\t\t\t\t\t\tdata-dim=\"w:1701px,1404px,1066px,850px;h:957px,790px,600px,478px;\"\n\t\t\t\t\t\t\t\tdata-video=\"vfc:true;vd:100;l:true;ptimer:false;nse:f;sav:f;afs:f;inl:f;\"\n\t\t\t\t\t\t\t\tdata-poster=\"\/\/asfaltodelnorte.com\/wp-content\/uploads\/revslider\/video-media\/ciudad1_8_layer.jpeg\"\n\t\t\t\t\t\t\t\tdata-mp4=\"\/\/asfaltodelnorte.com\/wp-content\/uploads\/2021\/08\/ciudad1.mp4\"\n\t\t\t\t\t\t\t\tdata-frame_999=\"o:0;st:w;\"\n\t\t\t\t\t\t\t\tstyle=\"z-index:8;\"\n\t\t\t\t\t\t\t>\n\t\t\t\t\t\t\t<\/rs-layer><!--\n\n\t\t\t\t\t\t\t--><rs-layer\n\t\t\t\t\t\t\t\tid=\"slider-1-slide-8-layer-3\" \n\t\t\t\t\t\t\t\tdata-type=\"shape\"\n\t\t\t\t\t\t\t\tdata-rsp_ch=\"on\"\n\t\t\t\t\t\t\t\tdata-xy=\"x:l,l,l,c;xo:-936px,-772px,-586px,0;yo:-137px,-113px,-85px,-52px;\"\n\t\t\t\t\t\t\t\tdata-text=\"w:normal;s:20,16,12,7;l:0,20,15,9;\"\n\t\t\t\t\t\t\t\tdata-dim=\"w:2728px,2252px,1710px,1055px;h:1253px,1034px,785px,484px;\"\n\t\t\t\t\t\t\t\tdata-frame_999=\"o:0;st:w;\"\n\t\t\t\t\t\t\t\tstyle=\"z-index:9;background-color:rgba(0,0,0,0.51);\"\n\t\t\t\t\t\t\t> \n\t\t\t\t\t\t\t<\/rs-layer><!--\n\n\t\t\t\t\t\t\t--><rs-layer\n\t\t\t\t\t\t\t\tid=\"slider-1-slide-8-layer-4\" \n\t\t\t\t\t\t\t\tclass=\"rev-btn\"\n\t\t\t\t\t\t\t\tdata-type=\"button\"\n\t\t\t\t\t\t\t\tdata-xy=\"x:c;xo:0,0,-5px,0;y:m;yo:76px,76px,0,-9px;\"\n\t\t\t\t\t\t\t\tdata-text=\"w:normal;s:20,20,15,10;l:32,32,41,18;a:center;\"\n\t\t\t\t\t\t\t\tdata-dim=\"w:1032px,1032px,721px,274px;h:133px,133px,83px,71px;minh:0,none,none,none;\"\n\t\t\t\t\t\t\t\tdata-rsp_o=\"off\"\n\t\t\t\t\t\t\t\tdata-rsp_bd=\"off\"\n\t\t\t\t\t\t\t\tdata-padding=\"r:32,32,30,20;l:32,32,30,20;\"\n\t\t\t\t\t\t\t\tdata-frame_0=\"y:15px,15px,15px,12px;\"\n\t\t\t\t\t\t\t\tdata-frame_1=\"e:power4.out;st:400;sp:1000;sR:400;\"\n\t\t\t\t\t\t\t\tdata-frame_999=\"o:0;st:w;sR:3600;\"\n\t\t\t\t\t\t\t\tdata-frame_hover=\"c:#fff;boc:rgba(255,255,255,0);bor:0px,0px,0px,0px;bos:solid;bow:0px,0px,0px,0px;sp:300ms;e:power1.inOut;bri:100%;\"\n\t\t\t\t\t\t\t\tstyle=\"z-index:11;font-family:'Mate';cursor:pointer;\"\n\t\t\t\t\t\t\t>Es una empresa con presencia internacional, registrada en el Reino Unido y Rep\u00fablica Dominicana dedicada a la comercializaci\u00f3n de crudo y combustibles derivados del petr\u00f3leo, la producci\u00f3n de asfalto y la construcci\u00f3n de obras civiles. \n\t\t\t\t\t\t\t<\/rs-layer><!--\n\n\t\t\t\t\t\t\t--><rs-layer\n\t\t\t\t\t\t\t\tid=\"slider-1-slide-8-layer-5\" \n\t\t\t\t\t\t\t\tdata-type=\"image\"\n\t\t\t\t\t\t\t\tdata-rsp_ch=\"on\"\n\t\t\t\t\t\t\t\tdata-xy=\"x:c;yo:125px,103px,78px,48px;\"\n\t\t\t\t\t\t\t\tdata-text=\"w:normal;s:20,16,12,7;l:0,20,15,9;\"\n\t\t\t\t\t\t\t\tdata-dim=\"w:290px,239px,181px,111px;h:178px,146px,110px,67px;\"\n\t\t\t\t\t\t\t\tdata-frame_999=\"o:0;st:w;\"\n\t\t\t\t\t\t\t\tstyle=\"z-index:12;\"\n\t\t\t\t\t\t\t><img decoding=\"async\" src=\"\/\/asfaltodelnorte.com\/wp-content\/plugins\/revslider\/public\/assets\/assets\/dummy.png\" class=\"tp-rs-img rs-lazyload\" width=\"349\" height=\"214\" data-lazyload=\"\/\/asfaltodelnorte.com\/wp-content\/uploads\/2023\/01\/logo-asfalto_color_23.png\" data-no-retina> \n\t\t\t\t\t\t\t<\/rs-layer><!--\n-->\t\t\t\t\t\t<\/rs-slide>\n\t\t\t\t\t<\/rs-slides>\n\t\t\t\t<\/rs-module>\n\t\t\t\t<script type=\"text\/javascript\">\n\t\t\t\t\tsetREVStartSize({c: 'rev_slider_1_1',rl:[1240,1024,778,480],el:[630,570,472,352],gw:[1240,1024,778,480],gh:[630,570,472,352],type:'standard',justify:'',layout:'fullwidth',mh:\"0\"});if (window.RS_MODULES!==undefined && window.RS_MODULES.modules!==undefined && window.RS_MODULES.modules[\"revslider11\"]!==undefined) {window.RS_MODULES.modules[\"revslider11\"].once = false;window.revapi1 = undefined;window.RS_MODULES.checkMinimal()}\n\t\t\t\t<\/script>\n\t\t\t<\/rs-module-wrap>\n\t\t\t<!-- END REVOLUTION SLIDER -->\n<\/div>\n\t\t\t\t\t\t<\/div>\n\t\t\t\t<\/div>\n\t\t\t\t\t<\/div>\n\t\t<\/div>\n\t\t\t\t\t<\/div>\n\t\t<\/section>\n\t\t\t\t<\/div>","protected":false},"excerpt":{"rendered":"","protected":false},"author":1,"featured_media":0,"parent":0,"menu_order":0,"comment_status":"closed","ping_status":"closed","template":"elementor_header_footer","meta":{"footnotes":""},"class_list":["post-5127","page","type-page","status-publish","hentry"],"_links":{"self":[{"href":"https:\/\/asfaltodelnorte.com\/es\/wp-json\/wp\/v2\/pages\/5127","targetHints":{"allow":["GET"]}}],"collection":[{"href":"https:\/\/asfaltodelnorte.com\/es\/wp-json\/wp\/v2\/pages"}],"about":[{"href":"https:\/\/asfaltodelnorte.com\/es\/wp-json\/wp\/v2\/types\/page"}],"author":[{"embeddable":true,"href":"https:\/\/asfaltodelnorte.com\/es\/wp-json\/wp\/v2\/users\/1"}],"replies":[{"embeddable":true,"href":"https:\/\/asfaltodelnorte.com\/es\/wp-json\/wp\/v2\/comments?post=5127"}],"version-history":[{"count":7,"href":"https:\/\/asfaltodelnorte.com\/es\/wp-json\/wp\/v2\/pages\/5127\/revisions"}],"predecessor-version":[{"id":5243,"href":"https:\/\/asfaltodelnorte.com\/es\/wp-json\/wp\/v2\/pages\/5127\/revisions\/5243"}],"wp:attachment":[{"href":"https:\/\/asfaltodelnorte.com\/es\/wp-json\/wp\/v2\/media?parent=5127"}],"curies":[{"name":"wp","href":"https:\/\/api.w.org\/{rel}","templated":true}]}}