{"id":5129,"date":"2021-08-10T17:15:47","date_gmt":"2021-08-10T17:15:47","guid":{"rendered":"https:\/\/asfaltodelnorte.com\/?page_id=5129"},"modified":"2021-09-04T17:24:19","modified_gmt":"2021-09-04T17:24:19","slug":"roadworks","status":"publish","type":"page","link":"https:\/\/asfaltodelnorte.com\/es\/roadworks\/","title":{"rendered":"Obras viales"},"content":{"rendered":"<div data-elementor-type=\"wp-post\" data-elementor-id=\"5129\" class=\"elementor elementor-5129\" data-elementor-post-type=\"page\">\n\t\t\t\t\t\t<section class=\"elementor-section elementor-top-section elementor-element elementor-element-9616ad1 elementor-section-full_width elementor-section-height-default elementor-section-height-default\" data-id=\"9616ad1\" data-element_type=\"section\" data-settings=\"{&quot;background_background&quot;:&quot;classic&quot;}\">\n\t\t\t\t\t\t\t<div class=\"elementor-background-overlay\"><\/div>\n\t\t\t\t\t\t\t<div class=\"elementor-container elementor-column-gap-default\">\n\t\t\t\t\t<div class=\"elementor-column elementor-col-100 elementor-top-column elementor-element elementor-element-0451e9e\" data-id=\"0451e9e\" data-element_type=\"column\">\n\t\t\t<div class=\"elementor-widget-wrap elementor-element-populated\">\n\t\t\t\t\t\t<section class=\"elementor-section elementor-inner-section elementor-element elementor-element-83652c2 elementor-section-boxed elementor-section-height-default elementor-section-height-default\" data-id=\"83652c2\" data-element_type=\"section\">\n\t\t\t\t\t\t<div class=\"elementor-container elementor-column-gap-default\">\n\t\t\t\t\t<div class=\"elementor-column elementor-col-100 elementor-inner-column elementor-element elementor-element-45aa198\" data-id=\"45aa198\" data-element_type=\"column\">\n\t\t\t<div class=\"elementor-widget-wrap elementor-element-populated\">\n\t\t\t\t\t\t<div class=\"elementor-element elementor-element-b62be9e elementor-widget elementor-widget-heading\" data-id=\"b62be9e\" data-element_type=\"widget\" data-widget_type=\"heading.default\">\n\t\t\t\t<div class=\"elementor-widget-container\">\n\t\t\t\t\t<h2 class=\"elementor-heading-title elementor-size-default\">OBRAS VIALES<\/h2>\t\t\t\t<\/div>\n\t\t\t\t<\/div>\n\t\t\t\t<div class=\"elementor-element elementor-element-5a694fd elementor-widget elementor-widget-text-editor\" data-id=\"5a694fd\" data-element_type=\"widget\" data-widget_type=\"text-editor.default\">\n\t\t\t\t<div class=\"elementor-widget-container\">\n\t\t\t\t\t\t\t\t\t<p>Construimos avenidas, carreteras, caminos vecinales.<\/p>\t\t\t\t\t\t\t\t<\/div>\n\t\t\t\t<\/div>\n\t\t\t\t\t<\/div>\n\t\t<\/div>\n\t\t\t\t\t<\/div>\n\t\t<\/section>\n\t\t\t\t\t<\/div>\n\t\t<\/div>\n\t\t\t\t\t<\/div>\n\t\t<\/section>\n\t\t\t\t<section class=\"elementor-section elementor-top-section elementor-element elementor-element-be4b7dc elementor-section-boxed elementor-section-height-default elementor-section-height-default\" data-id=\"be4b7dc\" data-element_type=\"section\">\n\t\t\t\t\t\t<div class=\"elementor-container elementor-column-gap-default\">\n\t\t\t\t\t<div class=\"elementor-column elementor-col-50 elementor-top-column elementor-element elementor-element-586abc5\" data-id=\"586abc5\" data-element_type=\"column\">\n\t\t\t<div class=\"elementor-widget-wrap elementor-element-populated\">\n\t\t\t\t\t\t<div class=\"elementor-element elementor-element-6916371 elementor-widget elementor-widget-heading\" data-id=\"6916371\" data-element_type=\"widget\" data-widget_type=\"heading.default\">\n\t\t\t\t<div class=\"elementor-widget-container\">\n\t\t\t\t\t<h2 class=\"elementor-heading-title elementor-size-default\">ALGUNAS OBRAS EJECUTADAS:<\/h2>\t\t\t\t<\/div>\n\t\t\t\t<\/div>\n\t\t\t\t<div class=\"elementor-element elementor-element-5daea0d elementor-widget elementor-widget-text-editor\" data-id=\"5daea0d\" data-element_type=\"widget\" data-widget_type=\"text-editor.default\">\n\t\t\t\t<div class=\"elementor-widget-container\">\n\t\t\t\t\t\t\t\t\t<p>Carretera La Isabela, Estero Hondo Puerto Plata , Carretera El Caimito -Sabana Iglesia Santiago, Carretera San Jos\u00e9 de las Matas, Santiago , Carretera Don Juan, San Jos\u00e9 de las Matas  Santiago ,  carretera J\u00e1nico, San Jos\u00e9 de las Matas.<\/p>\t\t\t\t\t\t\t\t<\/div>\n\t\t\t\t<\/div>\n\t\t\t\t\t<\/div>\n\t\t<\/div>\n\t\t\t\t<div class=\"elementor-column elementor-col-50 elementor-top-column elementor-element elementor-element-3c32bcb\" data-id=\"3c32bcb\" data-element_type=\"column\">\n\t\t\t<div class=\"elementor-widget-wrap elementor-element-populated\">\n\t\t\t\t\t\t<div class=\"elementor-element elementor-element-6d16bed elementor-widget elementor-widget-image\" data-id=\"6d16bed\" data-element_type=\"widget\" data-widget_type=\"image.default\">\n\t\t\t\t<div class=\"elementor-widget-container\">\n\t\t\t\t\t\t\t\t\t\t\t\t\t\t\t<img fetchpriority=\"high\" decoding=\"async\" width=\"768\" height=\"512\" src=\"https:\/\/asfaltodelnorte.com\/wp-content\/uploads\/2021\/07\/5e5e6744f5c8a343f488f33a_1500-pavement-machine-laying-fresh-asphalt-768x512.jpg\" class=\"attachment-medium_large size-medium_large wp-image-4922\" alt=\"\" srcset=\"https:\/\/asfaltodelnorte.com\/wp-content\/uploads\/2021\/07\/5e5e6744f5c8a343f488f33a_1500-pavement-machine-laying-fresh-asphalt-768x512.jpg 768w, https:\/\/asfaltodelnorte.com\/wp-content\/uploads\/2021\/07\/5e5e6744f5c8a343f488f33a_1500-pavement-machine-laying-fresh-asphalt-300x200.jpg 300w, https:\/\/asfaltodelnorte.com\/wp-content\/uploads\/2021\/07\/5e5e6744f5c8a343f488f33a_1500-pavement-machine-laying-fresh-asphalt-1024x683.jpg 1024w, https:\/\/asfaltodelnorte.com\/wp-content\/uploads\/2021\/07\/5e5e6744f5c8a343f488f33a_1500-pavement-machine-laying-fresh-asphalt.jpg 1500w\" sizes=\"(max-width: 768px) 100vw, 768px\" \/>\t\t\t\t\t\t\t\t\t\t\t\t\t\t\t<\/div>\n\t\t\t\t<\/div>\n\t\t\t\t\t<\/div>\n\t\t<\/div>\n\t\t\t\t\t<\/div>\n\t\t<\/section>\n\t\t\t\t<section class=\"elementor-section elementor-top-section elementor-element elementor-element-7902af7 elementor-section-boxed elementor-section-height-default elementor-section-height-default\" data-id=\"7902af7\" data-element_type=\"section\">\n\t\t\t\t\t\t<div class=\"elementor-container elementor-column-gap-default\">\n\t\t\t\t\t<div class=\"elementor-column elementor-col-100 elementor-top-column elementor-element elementor-element-21cc7fe\" data-id=\"21cc7fe\" data-element_type=\"column\">\n\t\t\t<div class=\"elementor-widget-wrap elementor-element-populated\">\n\t\t\t\t\t\t<div class=\"elementor-element elementor-element-482bc9f elementor-widget elementor-widget-text-editor\" data-id=\"482bc9f\" data-element_type=\"widget\" data-widget_type=\"text-editor.default\">\n\t\t\t\t<div class=\"elementor-widget-container\">\n\t\t\t\t\t\t\t\t\t<p>Mira nuestra galer\u00eda:<\/p>\t\t\t\t\t\t\t\t<\/div>\n\t\t\t\t<\/div>\n\t\t\t\t<div class=\"elementor-element elementor-element-18b5853 elementor-widget elementor-widget-image-gallery\" data-id=\"18b5853\" data-element_type=\"widget\" data-widget_type=\"image-gallery.default\">\n\t\t\t\t<div class=\"elementor-widget-container\">\n\t\t\t\t\t\t\t<div class=\"elementor-image-gallery\">\n\t\t\t<div id='gallery-1' class='gallery galleryid-5129 gallery-columns-3 gallery-size-thumbnail'><figure class='gallery-item'>\n\t\t\t<div class='gallery-icon landscape'>\n\t\t\t\t<a data-elementor-open-lightbox=\"yes\" data-elementor-lightbox-slideshow=\"18b5853\" data-elementor-lightbox-title=\"Diapositiva 1\" data-e-action-hash=\"#elementor-action%3Aaction%3Dlightbox%26settings%3DeyJpZCI6NDk3NywidXJsIjoiaHR0cHM6XC9cL2FzZmFsdG9kZWxub3J0ZS5jb21cL3dwLWNvbnRlbnRcL3VwbG9hZHNcLzIwMjFcLzA3XC9JbWFnZW4tY29uc3RydWNjaW9uLWRlLXZpYWxpZGFkLTUuanBnIiwic2xpZGVzaG93IjoiMThiNTg1MyJ9\" href='https:\/\/asfaltodelnorte.com\/wp-content\/uploads\/2021\/07\/Imagen-construccion-de-vialidad-5.jpg'><img decoding=\"async\" width=\"150\" height=\"150\" src=\"https:\/\/asfaltodelnorte.com\/wp-content\/uploads\/2021\/07\/Imagen-construccion-de-vialidad-5-150x150.jpg\" class=\"attachment-thumbnail size-thumbnail\" alt=\"\" srcset=\"https:\/\/asfaltodelnorte.com\/wp-content\/uploads\/2021\/07\/Imagen-construccion-de-vialidad-5-150x150.jpg 150w, https:\/\/asfaltodelnorte.com\/wp-content\/uploads\/2021\/07\/Imagen-construccion-de-vialidad-5-350x350.jpg 350w\" sizes=\"(max-width: 150px) 100vw, 150px\" \/><\/a>\n\t\t\t<\/div><\/figure><figure class='gallery-item'>\n\t\t\t<div class='gallery-icon landscape'>\n\t\t\t\t<a data-elementor-open-lightbox=\"yes\" data-elementor-lightbox-slideshow=\"18b5853\" data-elementor-lightbox-title=\"Diapositiva 1\" data-e-action-hash=\"#elementor-action%3Aaction%3Dlightbox%26settings%3DeyJpZCI6NDk3OCwidXJsIjoiaHR0cHM6XC9cL2FzZmFsdG9kZWxub3J0ZS5jb21cL3dwLWNvbnRlbnRcL3VwbG9hZHNcLzIwMjFcLzA3XC9JbWFnZW4tY29uc3RydWNjaW9uLWRlLXZpYWxpZGFkLTYuanBnIiwic2xpZGVzaG93IjoiMThiNTg1MyJ9\" href='https:\/\/asfaltodelnorte.com\/wp-content\/uploads\/2021\/07\/Imagen-construccion-de-vialidad-6.jpg'><img decoding=\"async\" width=\"150\" height=\"150\" src=\"https:\/\/asfaltodelnorte.com\/wp-content\/uploads\/2021\/07\/Imagen-construccion-de-vialidad-6-150x150.jpg\" class=\"attachment-thumbnail size-thumbnail\" alt=\"\" srcset=\"https:\/\/asfaltodelnorte.com\/wp-content\/uploads\/2021\/07\/Imagen-construccion-de-vialidad-6-150x150.jpg 150w, https:\/\/asfaltodelnorte.com\/wp-content\/uploads\/2021\/07\/Imagen-construccion-de-vialidad-6-350x350.jpg 350w\" sizes=\"(max-width: 150px) 100vw, 150px\" \/><\/a>\n\t\t\t<\/div><\/figure><figure class='gallery-item'>\n\t\t\t<div class='gallery-icon landscape'>\n\t\t\t\t<a data-elementor-open-lightbox=\"yes\" data-elementor-lightbox-slideshow=\"18b5853\" data-elementor-lightbox-title=\"Diapositiva 1\" data-e-action-hash=\"#elementor-action%3Aaction%3Dlightbox%26settings%3DeyJpZCI6NDk3OSwidXJsIjoiaHR0cHM6XC9cL2FzZmFsdG9kZWxub3J0ZS5jb21cL3dwLWNvbnRlbnRcL3VwbG9hZHNcLzIwMjFcLzA3XC9JbWFnZW4tZGUtY29uc3RydWNjaW9uLWRlLXZpYWxpZGFkLTEuanBnIiwic2xpZGVzaG93IjoiMThiNTg1MyJ9\" href='https:\/\/asfaltodelnorte.com\/wp-content\/uploads\/2021\/07\/Imagen-de-construccion-de-vialidad-1.jpg'><img loading=\"lazy\" decoding=\"async\" width=\"150\" height=\"150\" src=\"https:\/\/asfaltodelnorte.com\/wp-content\/uploads\/2021\/07\/Imagen-de-construccion-de-vialidad-1-150x150.jpg\" class=\"attachment-thumbnail size-thumbnail\" alt=\"\" srcset=\"https:\/\/asfaltodelnorte.com\/wp-content\/uploads\/2021\/07\/Imagen-de-construccion-de-vialidad-1-150x150.jpg 150w, https:\/\/asfaltodelnorte.com\/wp-content\/uploads\/2021\/07\/Imagen-de-construccion-de-vialidad-1-350x350.jpg 350w\" sizes=\"(max-width: 150px) 100vw, 150px\" \/><\/a>\n\t\t\t<\/div><\/figure><figure class='gallery-item'>\n\t\t\t<div class='gallery-icon landscape'>\n\t\t\t\t<a data-elementor-open-lightbox=\"yes\" data-elementor-lightbox-slideshow=\"18b5853\" data-elementor-lightbox-title=\"Diapositiva 1\" data-e-action-hash=\"#elementor-action%3Aaction%3Dlightbox%26settings%3DeyJpZCI6NDk4MCwidXJsIjoiaHR0cHM6XC9cL2FzZmFsdG9kZWxub3J0ZS5jb21cL3dwLWNvbnRlbnRcL3VwbG9hZHNcLzIwMjFcLzA3XC9JbWFnZW4tZGUtY29uc3RydWNjaW9uLWRlLXZpYWxpZGFkLTIuanBnIiwic2xpZGVzaG93IjoiMThiNTg1MyJ9\" href='https:\/\/asfaltodelnorte.com\/wp-content\/uploads\/2021\/07\/Imagen-de-construccion-de-vialidad-2.jpg'><img loading=\"lazy\" decoding=\"async\" width=\"150\" height=\"150\" src=\"https:\/\/asfaltodelnorte.com\/wp-content\/uploads\/2021\/07\/Imagen-de-construccion-de-vialidad-2-150x150.jpg\" class=\"attachment-thumbnail size-thumbnail\" alt=\"\" srcset=\"https:\/\/asfaltodelnorte.com\/wp-content\/uploads\/2021\/07\/Imagen-de-construccion-de-vialidad-2-150x150.jpg 150w, https:\/\/asfaltodelnorte.com\/wp-content\/uploads\/2021\/07\/Imagen-de-construccion-de-vialidad-2-350x350.jpg 350w\" sizes=\"(max-width: 150px) 100vw, 150px\" \/><\/a>\n\t\t\t<\/div><\/figure><figure class='gallery-item'>\n\t\t\t<div class='gallery-icon landscape'>\n\t\t\t\t<a data-elementor-open-lightbox=\"yes\" data-elementor-lightbox-slideshow=\"18b5853\" data-elementor-lightbox-title=\"Diapositiva 1\" data-e-action-hash=\"#elementor-action%3Aaction%3Dlightbox%26settings%3DeyJpZCI6NDk4MSwidXJsIjoiaHR0cHM6XC9cL2FzZmFsdG9kZWxub3J0ZS5jb21cL3dwLWNvbnRlbnRcL3VwbG9hZHNcLzIwMjFcLzA3XC9JbWFnZW4tZGUtY29uc3RydWNjaW9uLWRlLXZpYWxpZGFkLTMtc2NhbGVkLmpwZyIsInNsaWRlc2hvdyI6IjE4YjU4NTMifQ%3D%3D\" href='https:\/\/asfaltodelnorte.com\/wp-content\/uploads\/2021\/07\/Imagen-de-construccion-de-vialidad-3-scaled.jpg'><img loading=\"lazy\" decoding=\"async\" width=\"150\" height=\"150\" src=\"https:\/\/asfaltodelnorte.com\/wp-content\/uploads\/2021\/07\/Imagen-de-construccion-de-vialidad-3-150x150.jpg\" class=\"attachment-thumbnail size-thumbnail\" alt=\"\" srcset=\"https:\/\/asfaltodelnorte.com\/wp-content\/uploads\/2021\/07\/Imagen-de-construccion-de-vialidad-3-150x150.jpg 150w, https:\/\/asfaltodelnorte.com\/wp-content\/uploads\/2021\/07\/Imagen-de-construccion-de-vialidad-3-350x350.jpg 350w\" sizes=\"(max-width: 150px) 100vw, 150px\" \/><\/a>\n\t\t\t<\/div><\/figure><figure class='gallery-item'>\n\t\t\t<div class='gallery-icon landscape'>\n\t\t\t\t<a data-elementor-open-lightbox=\"yes\" data-elementor-lightbox-slideshow=\"18b5853\" data-elementor-lightbox-title=\"Diapositiva 1\" data-e-action-hash=\"#elementor-action%3Aaction%3Dlightbox%26settings%3DeyJpZCI6NDk4MiwidXJsIjoiaHR0cHM6XC9cL2FzZmFsdG9kZWxub3J0ZS5jb21cL3dwLWNvbnRlbnRcL3VwbG9hZHNcLzIwMjFcLzA3XC9JbWFnZW4tZGUtY29uc3RydWNjaW9uLWRlLXZpYWxpZGFkLTQtc2NhbGVkLmpwZyIsInNsaWRlc2hvdyI6IjE4YjU4NTMifQ%3D%3D\" href='https:\/\/asfaltodelnorte.com\/wp-content\/uploads\/2021\/07\/Imagen-de-construccion-de-vialidad-4-scaled.jpg'><img loading=\"lazy\" decoding=\"async\" width=\"150\" height=\"150\" src=\"https:\/\/asfaltodelnorte.com\/wp-content\/uploads\/2021\/07\/Imagen-de-construccion-de-vialidad-4-150x150.jpg\" class=\"attachment-thumbnail size-thumbnail\" alt=\"\" srcset=\"https:\/\/asfaltodelnorte.com\/wp-content\/uploads\/2021\/07\/Imagen-de-construccion-de-vialidad-4-150x150.jpg 150w, https:\/\/asfaltodelnorte.com\/wp-content\/uploads\/2021\/07\/Imagen-de-construccion-de-vialidad-4-350x350.jpg 350w\" sizes=\"(max-width: 150px) 100vw, 150px\" \/><\/a>\n\t\t\t<\/div><\/figure>\n\t\t<\/div>\n\t\t<\/div>\n\t\t\t\t\t\t<\/div>\n\t\t\t\t<\/div>\n\t\t\t\t\t<\/div>\n\t\t<\/div>\n\t\t\t\t\t<\/div>\n\t\t<\/section>\n\t\t\t\t<section class=\"elementor-section elementor-top-section elementor-element elementor-element-e16ffc0 elementor-section-full_width elementor-section-height-default elementor-section-height-default\" data-id=\"e16ffc0\" data-element_type=\"section\" data-settings=\"{&quot;background_background&quot;:&quot;gradient&quot;}\">\n\t\t\t\t\t\t<div class=\"elementor-container elementor-column-gap-default\">\n\t\t\t\t\t<div class=\"elementor-column elementor-col-100 elementor-top-column elementor-element elementor-element-11a71b4\" data-id=\"11a71b4\" data-element_type=\"column\" data-settings=\"{&quot;background_background&quot;:&quot;classic&quot;}\">\n\t\t\t<div class=\"elementor-widget-wrap elementor-element-populated\">\n\t\t\t\t\t\t<section class=\"elementor-section elementor-inner-section elementor-element elementor-element-ea12143 elementor-section-content-middle elementor-section-boxed elementor-section-height-default elementor-section-height-default\" data-id=\"ea12143\" data-element_type=\"section\">\n\t\t\t\t\t\t<div class=\"elementor-container elementor-column-gap-default\">\n\t\t\t\t\t<div class=\"elementor-column elementor-col-50 elementor-inner-column elementor-element elementor-element-d70e105\" data-id=\"d70e105\" data-element_type=\"column\">\n\t\t\t<div class=\"elementor-widget-wrap elementor-element-populated\">\n\t\t\t\t\t\t<div class=\"elementor-element elementor-element-5b19c4c elementor-widget elementor-widget-heading\" data-id=\"5b19c4c\" data-element_type=\"widget\" data-widget_type=\"heading.default\">\n\t\t\t\t<div class=\"elementor-widget-container\">\n\t\t\t\t\t<h2 class=\"elementor-heading-title elementor-size-default\">Estamos disponibles<br>\nsiempre que lo necesites.<\/h2>\t\t\t\t<\/div>\n\t\t\t\t<\/div>\n\t\t\t\t\t<\/div>\n\t\t<\/div>\n\t\t\t\t<div class=\"elementor-column elementor-col-50 elementor-inner-column elementor-element elementor-element-e79b34d\" data-id=\"e79b34d\" data-element_type=\"column\">\n\t\t\t<div class=\"elementor-widget-wrap elementor-element-populated\">\n\t\t\t\t\t\t<div class=\"elementor-element elementor-element-f78d35b elementor-widget elementor-widget-eael-creative-button\" data-id=\"f78d35b\" data-element_type=\"widget\" data-widget_type=\"eael-creative-button.default\">\n\t\t\t\t<div class=\"elementor-widget-container\">\n\t\t\t\t\t        <div class=\"eael-creative-button-wrapper\">\n\n            <a class=\"eael-creative-button eael-creative-button--default\" href=\"https:\/\/asfaltodelnorte.com\/es\/contact\/\" data-text=\"Go!\">\n            \t    \n                <div class=\"creative-button-inner\">\n\n                    \n                    <span class=\"cretive-button-text\">Cont\u00e1ctanos<\/span>\n\n                                    <\/div>\n\t                        <\/a>\n        <\/div>\n        \t\t\t\t<\/div>\n\t\t\t\t<\/div>\n\t\t\t\t\t<\/div>\n\t\t<\/div>\n\t\t\t\t\t<\/div>\n\t\t<\/section>\n\t\t\t\t\t<\/div>\n\t\t<\/div>\n\t\t\t\t\t<\/div>\n\t\t<\/section>\n\t\t\t\t<\/div>","protected":false},"excerpt":{"rendered":"<p>ROADWORKS We build avenues, roads, neighborhood roads. SOME WORKS: La Isabela highway, Estero Hondo Puerto Plata, El Caimito-Sabana Iglesia Santiago highway, San Jos\u00e9 de las Matas highway, Santiago, Don Juan highway, San Jos\u00e9 de las Matas Santiago, J\u00e1nico highway, San Jos\u00e9 de las Matas. Our gallery: We are available whenever you need it. Contact Us<\/p>","protected":false},"author":1,"featured_media":0,"parent":0,"menu_order":0,"comment_status":"closed","ping_status":"closed","template":"","meta":{"footnotes":""},"class_list":["post-5129","page","type-page","status-publish","hentry"],"_links":{"self":[{"href":"https:\/\/asfaltodelnorte.com\/es\/wp-json\/wp\/v2\/pages\/5129","targetHints":{"allow":["GET"]}}],"collection":[{"href":"https:\/\/asfaltodelnorte.com\/es\/wp-json\/wp\/v2\/pages"}],"about":[{"href":"https:\/\/asfaltodelnorte.com\/es\/wp-json\/wp\/v2\/types\/page"}],"author":[{"embeddable":true,"href":"https:\/\/asfaltodelnorte.com\/es\/wp-json\/wp\/v2\/users\/1"}],"replies":[{"embeddable":true,"href":"https:\/\/asfaltodelnorte.com\/es\/wp-json\/wp\/v2\/comments?post=5129"}],"version-history":[{"count":6,"href":"https:\/\/asfaltodelnorte.com\/es\/wp-json\/wp\/v2\/pages\/5129\/revisions"}],"predecessor-version":[{"id":5250,"href":"https:\/\/asfaltodelnorte.com\/es\/wp-json\/wp\/v2\/pages\/5129\/revisions\/5250"}],"wp:attachment":[{"href":"https:\/\/asfaltodelnorte.com\/es\/wp-json\/wp\/v2\/media?parent=5129"}],"curies":[{"name":"wp","href":"https:\/\/api.w.org\/{rel}","templated":true}]}}