{"id":5131,"date":"2021-08-10T17:16:41","date_gmt":"2021-08-10T17:16:41","guid":{"rendered":"https:\/\/asfaltodelnorte.com\/?page_id=5131"},"modified":"2021-09-04T17:26:36","modified_gmt":"2021-09-04T17:26:36","slug":"waterworks","status":"publish","type":"page","link":"https:\/\/asfaltodelnorte.com\/es\/waterworks\/","title":{"rendered":"Obras Hidr\u00e1ulicas"},"content":{"rendered":"<div data-elementor-type=\"wp-post\" data-elementor-id=\"5131\" class=\"elementor elementor-5131\" data-elementor-post-type=\"page\">\n\t\t\t\t\t\t<section class=\"elementor-section elementor-top-section elementor-element elementor-element-9616ad1 elementor-section-full_width elementor-section-height-default elementor-section-height-default\" data-id=\"9616ad1\" data-element_type=\"section\" data-settings=\"{&quot;background_background&quot;:&quot;classic&quot;}\">\n\t\t\t\t\t\t\t<div class=\"elementor-background-overlay\"><\/div>\n\t\t\t\t\t\t\t<div class=\"elementor-container elementor-column-gap-default\">\n\t\t\t\t\t<div class=\"elementor-column elementor-col-100 elementor-top-column elementor-element elementor-element-0451e9e\" data-id=\"0451e9e\" data-element_type=\"column\">\n\t\t\t<div class=\"elementor-widget-wrap elementor-element-populated\">\n\t\t\t\t\t\t<section class=\"elementor-section elementor-inner-section elementor-element elementor-element-83652c2 elementor-section-boxed elementor-section-height-default elementor-section-height-default\" data-id=\"83652c2\" data-element_type=\"section\">\n\t\t\t\t\t\t<div class=\"elementor-container elementor-column-gap-default\">\n\t\t\t\t\t<div class=\"elementor-column elementor-col-100 elementor-inner-column elementor-element elementor-element-45aa198\" data-id=\"45aa198\" data-element_type=\"column\">\n\t\t\t<div class=\"elementor-widget-wrap elementor-element-populated\">\n\t\t\t\t\t\t<div class=\"elementor-element elementor-element-b62be9e elementor-widget elementor-widget-heading\" data-id=\"b62be9e\" data-element_type=\"widget\" data-widget_type=\"heading.default\">\n\t\t\t\t<div class=\"elementor-widget-container\">\n\t\t\t\t\t<h2 class=\"elementor-heading-title elementor-size-default\">OBRAS HIDR\u00c1ULICAS<\/h2>\t\t\t\t<\/div>\n\t\t\t\t<\/div>\n\t\t\t\t<div class=\"elementor-element elementor-element-5a694fd elementor-widget elementor-widget-text-editor\" data-id=\"5a694fd\" data-element_type=\"widget\" data-widget_type=\"text-editor.default\">\n\t\t\t\t<div class=\"elementor-widget-container\">\n\t\t\t\t\t\t\t\t\t<p>Realizamos proyectos y construimos obras hidr\u00e1ulicas.<\/p>\t\t\t\t\t\t\t\t<\/div>\n\t\t\t\t<\/div>\n\t\t\t\t\t<\/div>\n\t\t<\/div>\n\t\t\t\t\t<\/div>\n\t\t<\/section>\n\t\t\t\t\t<\/div>\n\t\t<\/div>\n\t\t\t\t\t<\/div>\n\t\t<\/section>\n\t\t\t\t<section class=\"elementor-section elementor-top-section elementor-element elementor-element-be4b7dc elementor-section-boxed elementor-section-height-default elementor-section-height-default\" data-id=\"be4b7dc\" data-element_type=\"section\">\n\t\t\t\t\t\t<div class=\"elementor-container elementor-column-gap-default\">\n\t\t\t\t\t<div class=\"elementor-column elementor-col-50 elementor-top-column elementor-element elementor-element-586abc5\" data-id=\"586abc5\" data-element_type=\"column\">\n\t\t\t<div class=\"elementor-widget-wrap elementor-element-populated\">\n\t\t\t\t\t\t<div class=\"elementor-element elementor-element-6916371 elementor-widget elementor-widget-heading\" data-id=\"6916371\" data-element_type=\"widget\" data-widget_type=\"heading.default\">\n\t\t\t\t<div class=\"elementor-widget-container\">\n\t\t\t\t\t<h2 class=\"elementor-heading-title elementor-size-default\">PROYECTOS Y OBRAS EJECUTADAS:<\/h2>\t\t\t\t<\/div>\n\t\t\t\t<\/div>\n\t\t\t\t<div class=\"elementor-element elementor-element-5daea0d elementor-widget elementor-widget-text-editor\" data-id=\"5daea0d\" data-element_type=\"widget\" data-widget_type=\"text-editor.default\">\n\t\t\t\t<div class=\"elementor-widget-container\">\n\t\t\t\t\t\t\t\t\t<p>Acueducto de la Isabela, participaci\u00f3n como sub-contratista del Acueducto de la L\u00ednea Noroeste, en los municipios de Casta\u00f1uela, Villa V\u00e1squez y Navarrete. Canalizaci\u00f3n de los r\u00edos Jacagua, Santiago, con sus muros de gaviones, Canalizaci\u00f3n del r\u00edo Pu\u00f1al, Santiago, con sus muros de gaviones, Canalizaci\u00f3n del r\u00edo Quinigua con sus muros de gaviones, canalizaci\u00f3n de r\u00edo Las Ci\u00e9naga, Palmar Arriba, con los aproches, Canalizaci\u00f3n de r\u00edo Arensillo, Villa Gonzales, Santiago.<\/p>\t\t\t\t\t\t\t\t<\/div>\n\t\t\t\t<\/div>\n\t\t\t\t\t<\/div>\n\t\t<\/div>\n\t\t\t\t<div class=\"elementor-column elementor-col-50 elementor-top-column elementor-element elementor-element-3c32bcb\" data-id=\"3c32bcb\" data-element_type=\"column\">\n\t\t\t<div class=\"elementor-widget-wrap elementor-element-populated\">\n\t\t\t\t\t\t<div class=\"elementor-element elementor-element-6d16bed elementor-widget elementor-widget-image\" data-id=\"6d16bed\" data-element_type=\"widget\" data-widget_type=\"image.default\">\n\t\t\t\t<div class=\"elementor-widget-container\">\n\t\t\t\t\t\t\t\t\t\t\t\t\t\t\t<img fetchpriority=\"high\" decoding=\"async\" width=\"768\" height=\"575\" src=\"https:\/\/asfaltodelnorte.com\/wp-content\/uploads\/2021\/07\/hidra-768x575.jpg\" class=\"attachment-medium_large size-medium_large wp-image-4989\" alt=\"\" srcset=\"https:\/\/asfaltodelnorte.com\/wp-content\/uploads\/2021\/07\/hidra-768x575.jpg 768w, https:\/\/asfaltodelnorte.com\/wp-content\/uploads\/2021\/07\/hidra-300x225.jpg 300w, https:\/\/asfaltodelnorte.com\/wp-content\/uploads\/2021\/07\/hidra-1024x767.jpg 1024w, https:\/\/asfaltodelnorte.com\/wp-content\/uploads\/2021\/07\/hidra.jpg 1152w\" sizes=\"(max-width: 768px) 100vw, 768px\" \/>\t\t\t\t\t\t\t\t\t\t\t\t\t\t\t<\/div>\n\t\t\t\t<\/div>\n\t\t\t\t\t<\/div>\n\t\t<\/div>\n\t\t\t\t\t<\/div>\n\t\t<\/section>\n\t\t\t\t<section class=\"elementor-section elementor-top-section elementor-element elementor-element-7902af7 elementor-section-boxed elementor-section-height-default elementor-section-height-default\" data-id=\"7902af7\" data-element_type=\"section\">\n\t\t\t\t\t\t<div class=\"elementor-container elementor-column-gap-default\">\n\t\t\t\t\t<div class=\"elementor-column elementor-col-100 elementor-top-column elementor-element elementor-element-21cc7fe\" data-id=\"21cc7fe\" data-element_type=\"column\">\n\t\t\t<div class=\"elementor-widget-wrap elementor-element-populated\">\n\t\t\t\t\t\t<div class=\"elementor-element elementor-element-482bc9f elementor-widget elementor-widget-text-editor\" data-id=\"482bc9f\" data-element_type=\"widget\" data-widget_type=\"text-editor.default\">\n\t\t\t\t<div class=\"elementor-widget-container\">\n\t\t\t\t\t\t\t\t\t<p>Mira nuestra galer\u00eda:<\/p>\t\t\t\t\t\t\t\t<\/div>\n\t\t\t\t<\/div>\n\t\t\t\t<div class=\"elementor-element elementor-element-5dff91e elementor-widget elementor-widget-image-gallery\" data-id=\"5dff91e\" data-element_type=\"widget\" data-widget_type=\"image-gallery.default\">\n\t\t\t\t<div class=\"elementor-widget-container\">\n\t\t\t\t\t\t\t<div class=\"elementor-image-gallery\">\n\t\t\t<div id='gallery-1' class='gallery galleryid-5131 gallery-columns-3 gallery-size-thumbnail'><figure class='gallery-item'>\n\t\t\t<div class='gallery-icon landscape'>\n\t\t\t\t<a data-elementor-open-lightbox=\"yes\" data-elementor-lightbox-slideshow=\"5dff91e\" data-elementor-lightbox-title=\"Diapositiva 1\" data-e-action-hash=\"#elementor-action%3Aaction%3Dlightbox%26settings%3DeyJpZCI6NTAwMCwidXJsIjoiaHR0cHM6XC9cL2FzZmFsdG9kZWxub3J0ZS5jb21cL3dwLWNvbnRlbnRcL3VwbG9hZHNcLzIwMjFcLzA3XC9JbWFnZW4tY29uc3RydWNjaW9uLW9icmEtaGlkcmF1bGljYS01LTEuanBnIiwic2xpZGVzaG93IjoiNWRmZjkxZSJ9\" href='https:\/\/asfaltodelnorte.com\/wp-content\/uploads\/2021\/07\/Imagen-construccion-obra-hidraulica-5-1.jpg'><img decoding=\"async\" width=\"150\" height=\"150\" src=\"https:\/\/asfaltodelnorte.com\/wp-content\/uploads\/2021\/07\/Imagen-construccion-obra-hidraulica-5-1-150x150.jpg\" class=\"attachment-thumbnail size-thumbnail\" alt=\"\" srcset=\"https:\/\/asfaltodelnorte.com\/wp-content\/uploads\/2021\/07\/Imagen-construccion-obra-hidraulica-5-1-150x150.jpg 150w, https:\/\/asfaltodelnorte.com\/wp-content\/uploads\/2021\/07\/Imagen-construccion-obra-hidraulica-5-1-350x350.jpg 350w\" sizes=\"(max-width: 150px) 100vw, 150px\" \/><\/a>\n\t\t\t<\/div><\/figure><figure class='gallery-item'>\n\t\t\t<div class='gallery-icon landscape'>\n\t\t\t\t<a data-elementor-open-lightbox=\"yes\" data-elementor-lightbox-slideshow=\"5dff91e\" data-elementor-lightbox-title=\"Diapositiva 1\" data-e-action-hash=\"#elementor-action%3Aaction%3Dlightbox%26settings%3DeyJpZCI6NTAwMSwidXJsIjoiaHR0cHM6XC9cL2FzZmFsdG9kZWxub3J0ZS5jb21cL3dwLWNvbnRlbnRcL3VwbG9hZHNcLzIwMjFcLzA3XC9JbWFnZW4tY29uc3RydWNjaW9uLW9icmEtaGlkcmF1bGljYS02LmpwZyIsInNsaWRlc2hvdyI6IjVkZmY5MWUifQ%3D%3D\" href='https:\/\/asfaltodelnorte.com\/wp-content\/uploads\/2021\/07\/Imagen-construccion-obra-hidraulica-6.jpg'><img decoding=\"async\" width=\"150\" height=\"150\" src=\"https:\/\/asfaltodelnorte.com\/wp-content\/uploads\/2021\/07\/Imagen-construccion-obra-hidraulica-6-150x150.jpg\" class=\"attachment-thumbnail size-thumbnail\" alt=\"\" srcset=\"https:\/\/asfaltodelnorte.com\/wp-content\/uploads\/2021\/07\/Imagen-construccion-obra-hidraulica-6-150x150.jpg 150w, https:\/\/asfaltodelnorte.com\/wp-content\/uploads\/2021\/07\/Imagen-construccion-obra-hidraulica-6-350x350.jpg 350w\" sizes=\"(max-width: 150px) 100vw, 150px\" \/><\/a>\n\t\t\t<\/div><\/figure><figure class='gallery-item'>\n\t\t\t<div class='gallery-icon landscape'>\n\t\t\t\t<a data-elementor-open-lightbox=\"yes\" data-elementor-lightbox-slideshow=\"5dff91e\" data-elementor-lightbox-title=\"Diapositiva 1\" data-e-action-hash=\"#elementor-action%3Aaction%3Dlightbox%26settings%3DeyJpZCI6NTAwMiwidXJsIjoiaHR0cHM6XC9cL2FzZmFsdG9kZWxub3J0ZS5jb21cL3dwLWNvbnRlbnRcL3VwbG9hZHNcLzIwMjFcLzA3XC9JbWFnZW4tY29uc3RydWNjaW9uLW9icmFzLWhpZHJhdWxpY2FzLTIuanBnIiwic2xpZGVzaG93IjoiNWRmZjkxZSJ9\" href='https:\/\/asfaltodelnorte.com\/wp-content\/uploads\/2021\/07\/Imagen-construccion-obras-hidraulicas-2.jpg'><img loading=\"lazy\" decoding=\"async\" width=\"150\" height=\"150\" src=\"https:\/\/asfaltodelnorte.com\/wp-content\/uploads\/2021\/07\/Imagen-construccion-obras-hidraulicas-2-150x150.jpg\" class=\"attachment-thumbnail size-thumbnail\" alt=\"\" srcset=\"https:\/\/asfaltodelnorte.com\/wp-content\/uploads\/2021\/07\/Imagen-construccion-obras-hidraulicas-2-150x150.jpg 150w, https:\/\/asfaltodelnorte.com\/wp-content\/uploads\/2021\/07\/Imagen-construccion-obras-hidraulicas-2-350x350.jpg 350w\" sizes=\"(max-width: 150px) 100vw, 150px\" \/><\/a>\n\t\t\t<\/div><\/figure><figure class='gallery-item'>\n\t\t\t<div class='gallery-icon landscape'>\n\t\t\t\t<a data-elementor-open-lightbox=\"yes\" data-elementor-lightbox-slideshow=\"5dff91e\" data-elementor-lightbox-title=\"Diapositiva 1\" data-e-action-hash=\"#elementor-action%3Aaction%3Dlightbox%26settings%3DeyJpZCI6NTAwMywidXJsIjoiaHR0cHM6XC9cL2FzZmFsdG9kZWxub3J0ZS5jb21cL3dwLWNvbnRlbnRcL3VwbG9hZHNcLzIwMjFcLzA3XC9JbWFnZW4tY29uc3RydWNjaW9uLW9icmFzLWhpZHJhdWxpY2FzLTMuanBnIiwic2xpZGVzaG93IjoiNWRmZjkxZSJ9\" href='https:\/\/asfaltodelnorte.com\/wp-content\/uploads\/2021\/07\/Imagen-construccion-obras-hidraulicas-3.jpg'><img loading=\"lazy\" decoding=\"async\" width=\"150\" height=\"150\" src=\"https:\/\/asfaltodelnorte.com\/wp-content\/uploads\/2021\/07\/Imagen-construccion-obras-hidraulicas-3-150x150.jpg\" class=\"attachment-thumbnail size-thumbnail\" alt=\"\" srcset=\"https:\/\/asfaltodelnorte.com\/wp-content\/uploads\/2021\/07\/Imagen-construccion-obras-hidraulicas-3-150x150.jpg 150w, https:\/\/asfaltodelnorte.com\/wp-content\/uploads\/2021\/07\/Imagen-construccion-obras-hidraulicas-3-350x350.jpg 350w\" sizes=\"(max-width: 150px) 100vw, 150px\" \/><\/a>\n\t\t\t<\/div><\/figure><figure class='gallery-item'>\n\t\t\t<div class='gallery-icon landscape'>\n\t\t\t\t<a data-elementor-open-lightbox=\"yes\" data-elementor-lightbox-slideshow=\"5dff91e\" data-elementor-lightbox-title=\"Diapositiva 1\" data-e-action-hash=\"#elementor-action%3Aaction%3Dlightbox%26settings%3DeyJpZCI6NTAwNCwidXJsIjoiaHR0cHM6XC9cL2FzZmFsdG9kZWxub3J0ZS5jb21cL3dwLWNvbnRlbnRcL3VwbG9hZHNcLzIwMjFcLzA3XC9JbWFnZW4tY29uc3RydWNjaW9uLW9icmFzLWhpZHJhdWxpY2FzLTQuanBnIiwic2xpZGVzaG93IjoiNWRmZjkxZSJ9\" href='https:\/\/asfaltodelnorte.com\/wp-content\/uploads\/2021\/07\/Imagen-construccion-obras-hidraulicas-4.jpg'><img loading=\"lazy\" decoding=\"async\" width=\"150\" height=\"150\" src=\"https:\/\/asfaltodelnorte.com\/wp-content\/uploads\/2021\/07\/Imagen-construccion-obras-hidraulicas-4-150x150.jpg\" class=\"attachment-thumbnail size-thumbnail\" alt=\"\" srcset=\"https:\/\/asfaltodelnorte.com\/wp-content\/uploads\/2021\/07\/Imagen-construccion-obras-hidraulicas-4-150x150.jpg 150w, https:\/\/asfaltodelnorte.com\/wp-content\/uploads\/2021\/07\/Imagen-construccion-obras-hidraulicas-4-350x350.jpg 350w\" sizes=\"(max-width: 150px) 100vw, 150px\" \/><\/a>\n\t\t\t<\/div><\/figure><figure class='gallery-item'>\n\t\t\t<div class='gallery-icon landscape'>\n\t\t\t\t<a data-elementor-open-lightbox=\"yes\" data-elementor-lightbox-slideshow=\"5dff91e\" data-elementor-lightbox-title=\"Diapositiva 1\" data-e-action-hash=\"#elementor-action%3Aaction%3Dlightbox%26settings%3DeyJpZCI6NTAwNSwidXJsIjoiaHR0cHM6XC9cL2FzZmFsdG9kZWxub3J0ZS5jb21cL3dwLWNvbnRlbnRcL3VwbG9hZHNcLzIwMjFcLzA3XC9JTUFHRU5FUy1ERS1DT05TVFJVQ0NJT04tT0JSQVMtSElEUkFVTElDQVMtMS1zY2FsZWQuanBnIiwic2xpZGVzaG93IjoiNWRmZjkxZSJ9\" href='https:\/\/asfaltodelnorte.com\/wp-content\/uploads\/2021\/07\/IMAGENES-DE-CONSTRUCCION-OBRAS-HIDRAULICAS-1-scaled.jpg'><img loading=\"lazy\" decoding=\"async\" width=\"150\" height=\"150\" src=\"https:\/\/asfaltodelnorte.com\/wp-content\/uploads\/2021\/07\/IMAGENES-DE-CONSTRUCCION-OBRAS-HIDRAULICAS-1-150x150.jpg\" class=\"attachment-thumbnail size-thumbnail\" alt=\"\" srcset=\"https:\/\/asfaltodelnorte.com\/wp-content\/uploads\/2021\/07\/IMAGENES-DE-CONSTRUCCION-OBRAS-HIDRAULICAS-1-150x150.jpg 150w, https:\/\/asfaltodelnorte.com\/wp-content\/uploads\/2021\/07\/IMAGENES-DE-CONSTRUCCION-OBRAS-HIDRAULICAS-1-350x350.jpg 350w\" sizes=\"(max-width: 150px) 100vw, 150px\" \/><\/a>\n\t\t\t<\/div><\/figure>\n\t\t<\/div>\n\t\t<\/div>\n\t\t\t\t\t\t<\/div>\n\t\t\t\t<\/div>\n\t\t\t\t\t<\/div>\n\t\t<\/div>\n\t\t\t\t\t<\/div>\n\t\t<\/section>\n\t\t\t\t<section class=\"elementor-section elementor-top-section elementor-element elementor-element-31030ee elementor-section-full_width elementor-section-height-default elementor-section-height-default\" data-id=\"31030ee\" data-element_type=\"section\" data-settings=\"{&quot;background_background&quot;:&quot;gradient&quot;}\">\n\t\t\t\t\t\t<div class=\"elementor-container elementor-column-gap-default\">\n\t\t\t\t\t<div class=\"elementor-column elementor-col-100 elementor-top-column elementor-element elementor-element-9bed93a\" data-id=\"9bed93a\" data-element_type=\"column\" data-settings=\"{&quot;background_background&quot;:&quot;classic&quot;}\">\n\t\t\t<div class=\"elementor-widget-wrap elementor-element-populated\">\n\t\t\t\t\t\t<section class=\"elementor-section elementor-inner-section elementor-element elementor-element-e24c589 elementor-section-content-middle elementor-section-boxed elementor-section-height-default elementor-section-height-default\" data-id=\"e24c589\" data-element_type=\"section\">\n\t\t\t\t\t\t<div class=\"elementor-container elementor-column-gap-default\">\n\t\t\t\t\t<div class=\"elementor-column elementor-col-50 elementor-inner-column elementor-element elementor-element-0c05b0e\" data-id=\"0c05b0e\" data-element_type=\"column\">\n\t\t\t<div class=\"elementor-widget-wrap elementor-element-populated\">\n\t\t\t\t\t\t<div class=\"elementor-element elementor-element-2923e98 elementor-widget elementor-widget-heading\" data-id=\"2923e98\" data-element_type=\"widget\" data-widget_type=\"heading.default\">\n\t\t\t\t<div class=\"elementor-widget-container\">\n\t\t\t\t\t<h2 class=\"elementor-heading-title elementor-size-default\">Estamos disponibles<br>\nsiempre que lo necesites.<\/h2>\t\t\t\t<\/div>\n\t\t\t\t<\/div>\n\t\t\t\t\t<\/div>\n\t\t<\/div>\n\t\t\t\t<div class=\"elementor-column elementor-col-50 elementor-inner-column elementor-element elementor-element-2d16781\" data-id=\"2d16781\" data-element_type=\"column\">\n\t\t\t<div class=\"elementor-widget-wrap elementor-element-populated\">\n\t\t\t\t\t\t<div class=\"elementor-element elementor-element-3a76fa7 elementor-widget elementor-widget-eael-creative-button\" data-id=\"3a76fa7\" data-element_type=\"widget\" data-widget_type=\"eael-creative-button.default\">\n\t\t\t\t<div class=\"elementor-widget-container\">\n\t\t\t\t\t        <div class=\"eael-creative-button-wrapper\">\n\n            <a class=\"eael-creative-button eael-creative-button--default\" href=\"https:\/\/asfaltodelnorte.com\/es\/contact\/\" data-text=\"Go!\">\n            \t    \n                <div class=\"creative-button-inner\">\n\n                    \n                    <span class=\"cretive-button-text\">Cont\u00e1ctanos<\/span>\n\n                                    <\/div>\n\t                        <\/a>\n        <\/div>\n        \t\t\t\t<\/div>\n\t\t\t\t<\/div>\n\t\t\t\t\t<\/div>\n\t\t<\/div>\n\t\t\t\t\t<\/div>\n\t\t<\/section>\n\t\t\t\t\t<\/div>\n\t\t<\/div>\n\t\t\t\t\t<\/div>\n\t\t<\/section>\n\t\t\t\t<\/div>","protected":false},"excerpt":{"rendered":"<p>WATERWORKS We carry out projects and build waterworks. PROJECTS AND WORKS EXECUTED: Aqueduct of the Isabela, participation as sub-contractor of the Aqueduct of the Northwest Line, in the municipalities of Casta\u00f1uela, Villa V\u00e1squez and Navarrete. Channeling of the rivers Jacagua, Santiago, with its gabion walls, Channeling of the Pu\u00f1al river, Santiago, with its gabion walls, [&hellip;]<\/p>","protected":false},"author":1,"featured_media":0,"parent":0,"menu_order":0,"comment_status":"closed","ping_status":"closed","template":"","meta":{"footnotes":""},"class_list":["post-5131","page","type-page","status-publish","hentry"],"_links":{"self":[{"href":"https:\/\/asfaltodelnorte.com\/es\/wp-json\/wp\/v2\/pages\/5131","targetHints":{"allow":["GET"]}}],"collection":[{"href":"https:\/\/asfaltodelnorte.com\/es\/wp-json\/wp\/v2\/pages"}],"about":[{"href":"https:\/\/asfaltodelnorte.com\/es\/wp-json\/wp\/v2\/types\/page"}],"author":[{"embeddable":true,"href":"https:\/\/asfaltodelnorte.com\/es\/wp-json\/wp\/v2\/users\/1"}],"replies":[{"embeddable":true,"href":"https:\/\/asfaltodelnorte.com\/es\/wp-json\/wp\/v2\/comments?post=5131"}],"version-history":[{"count":5,"href":"https:\/\/asfaltodelnorte.com\/es\/wp-json\/wp\/v2\/pages\/5131\/revisions"}],"predecessor-version":[{"id":5251,"href":"https:\/\/asfaltodelnorte.com\/es\/wp-json\/wp\/v2\/pages\/5131\/revisions\/5251"}],"wp:attachment":[{"href":"https:\/\/asfaltodelnorte.com\/es\/wp-json\/wp\/v2\/media?parent=5131"}],"curies":[{"name":"wp","href":"https:\/\/api.w.org\/{rel}","templated":true}]}}